{"id":56353,"date":"2026-01-29T13:34:14","date_gmt":"2026-01-29T13:34:14","guid":{"rendered":"https:\/\/amont.org\/?post_type=product&#038;p=56353"},"modified":"2026-05-10T22:00:42","modified_gmt":"2026-05-10T22:00:42","slug":"daga-s3044","status":"publish","type":"product","link":"https:\/\/amont.org\/fr\/producto\/daga-s3044\/","title":{"rendered":"Daga S3044"},"content":{"rendered":"<p>Daga S3044 Modelo de daga del Rey Demonio de Solo Leveling, r\u00e9plica No oficial, con un tama\u00f1o total de 62 cm, hoja anonizada acero en rojo, guarda con cabeza de drag\u00f3n y el mango en acero. Con soporte. <strong>Ref.<\/strong> S3044<\/p>\n<p><strong>Modelo:<\/strong> S3044<br \/>\n<strong>Tama\u00f1o total: <\/strong>63 cm<br \/>\n<strong>Tama\u00f1o de hoja:\u00a0<\/strong> 38.5 cm<br \/>\n<strong>Grosor de hoja:\u00a0 <\/strong>3.9\u00a0mm<br \/>\n<strong>Soporte:\u00a0<\/strong>Con soporte<br \/>\n<strong>Peso:<\/strong> 1109 gr<\/p>\n","protected":false},"excerpt":{"rendered":"<p>Daga S3044 Modelo de daga del Rey Demonio de Solo Leveling, r\u00e9plica No oficial, con un tama\u00f1o total de 62 cm, hoja anonizada acero en rojo, guarda con cabeza de drag\u00f3n y el mango en acero. Con soporte. Ref. S3044 Modelo: S3044 Tama\u00f1o total: 63 cm Tama\u00f1o de hoja:\u00a0 38.5 cm Grosor de hoja:\u00a0 3.9\u00a0mm [&#8230;]\n","protected":false},"featured_media":56358,"template":"","meta":{"_monsterinsights_skip_tracking":false,"_monsterinsights_sitenote_active":false,"_monsterinsights_sitenote_note":"","_monsterinsights_sitenote_category":0},"product_brand":[],"product_cat":[85,1508,1580],"product_tag":[],"class_list":{"0":"post-56353","1":"product","2":"type-product","3":"status-publish","4":"has-post-thumbnail","6":"product_cat-dagas","7":"product_cat-ultimas-novedades-dag","8":"product_cat-dagas-anime","10":"first","11":"instock","12":"shipping-taxable","13":"purchasable","14":"product-type-simple"},"yoast_head":"<!-- This site is optimized with the Yoast SEO plugin v27.5 - https:\/\/yoast.com\/product\/yoast-seo-wordpress\/ -->\n<title>Daga S3044 - AMONT, venta de r\u00e9plicas de armas antiguas.<\/title>\n<meta name=\"robots\" content=\"index, follow, max-snippet:-1, max-image-preview:large, max-video-preview:-1\" \/>\n<link rel=\"canonical\" href=\"https:\/\/amont.org\/fr\/producto\/daga-s3044\/\" \/>\n<meta property=\"og:locale\" content=\"fr_FR\" \/>\n<meta property=\"og:type\" content=\"article\" \/>\n<meta property=\"og:title\" content=\"Daga S3044 - AMONT, venta de r\u00e9plicas de armas antiguas.\" \/>\n<meta property=\"og:description\" content=\"Daga S3044 Modelo de daga del Rey Demonio de Solo Leveling, r\u00e9plica No oficial, con un tama\u00f1o total de 62 cm, hoja anonizada acero en rojo, guarda con cabeza de drag\u00f3n y el mango en acero. Con soporte. Ref. S3044 Modelo: S3044 Tama\u00f1o total: 63 cm Tama\u00f1o de hoja:\u00a0 38.5 cm Grosor de hoja:\u00a0 3.9\u00a0mm [...]\" \/>\n<meta property=\"og:url\" content=\"https:\/\/amont.org\/fr\/producto\/daga-s3044\/\" \/>\n<meta property=\"og:site_name\" content=\"AMONT, venta de r\u00e9plicas de armas antiguas.\" \/>\n<meta property=\"article:modified_time\" content=\"2026-05-10T22:00:42+00:00\" \/>\n<meta property=\"og:image\" content=\"https:\/\/amont.org\/wp-content\/uploads\/2026\/01\/S3044.jpg\" \/>\n\t<meta property=\"og:image:width\" content=\"1500\" \/>\n\t<meta property=\"og:image:height\" content=\"2121\" \/>\n\t<meta property=\"og:image:type\" content=\"image\/jpeg\" \/>\n<meta name=\"twitter:card\" content=\"summary_large_image\" \/>\n<script type=\"application\/ld+json\" class=\"yoast-schema-graph\">{\"@context\":\"https:\\\/\\\/schema.org\",\"@graph\":[{\"@type\":\"WebPage\",\"@id\":\"https:\\\/\\\/amont.org\\\/fr\\\/producto\\\/daga-s3044\\\/\",\"url\":\"https:\\\/\\\/amont.org\\\/fr\\\/producto\\\/daga-s3044\\\/\",\"name\":\"Daga S3044 - AMONT, venta de r\u00e9plicas de armas antiguas.\",\"isPartOf\":{\"@id\":\"http:\\\/\\\/amont.org\\\/fr\\\/#website\"},\"primaryImageOfPage\":{\"@id\":\"https:\\\/\\\/amont.org\\\/fr\\\/producto\\\/daga-s3044\\\/#primaryimage\"},\"image\":{\"@id\":\"https:\\\/\\\/amont.org\\\/fr\\\/producto\\\/daga-s3044\\\/#primaryimage\"},\"thumbnailUrl\":\"https:\\\/\\\/amont.org\\\/wp-content\\\/uploads\\\/2026\\\/01\\\/S3044.jpg\",\"datePublished\":\"2026-01-29T13:34:14+00:00\",\"dateModified\":\"2026-05-10T22:00:42+00:00\",\"breadcrumb\":{\"@id\":\"https:\\\/\\\/amont.org\\\/fr\\\/producto\\\/daga-s3044\\\/#breadcrumb\"},\"inLanguage\":\"fr-FR\",\"potentialAction\":[{\"@type\":\"ReadAction\",\"target\":[\"https:\\\/\\\/amont.org\\\/fr\\\/producto\\\/daga-s3044\\\/\"]}]},{\"@type\":\"ImageObject\",\"inLanguage\":\"fr-FR\",\"@id\":\"https:\\\/\\\/amont.org\\\/fr\\\/producto\\\/daga-s3044\\\/#primaryimage\",\"url\":\"https:\\\/\\\/amont.org\\\/wp-content\\\/uploads\\\/2026\\\/01\\\/S3044.jpg\",\"contentUrl\":\"https:\\\/\\\/amont.org\\\/wp-content\\\/uploads\\\/2026\\\/01\\\/S3044.jpg\",\"width\":1500,\"height\":2121},{\"@type\":\"BreadcrumbList\",\"@id\":\"https:\\\/\\\/amont.org\\\/fr\\\/producto\\\/daga-s3044\\\/#breadcrumb\",\"itemListElement\":[{\"@type\":\"ListItem\",\"position\":1,\"name\":\"Portada\",\"item\":\"http:\\\/\\\/amont.org\\\/fr\\\/\"},{\"@type\":\"ListItem\",\"position\":2,\"name\":\"Produits\",\"item\":\"http:\\\/\\\/amont.org\\\/fr\\\/produits\\\/\"},{\"@type\":\"ListItem\",\"position\":3,\"name\":\"Daga S3044\"}]},{\"@type\":\"WebSite\",\"@id\":\"http:\\\/\\\/amont.org\\\/fr\\\/#website\",\"url\":\"http:\\\/\\\/amont.org\\\/fr\\\/\",\"name\":\"AMONT, venta de r\u00e9plicas de armas antiguas.\",\"description\":\"Empresa situada en Girona, Catalu\u00f1a, venta de armas de colecci\u00f3n, replicas de gran calidad, r\u00e9plicas hist\u00f3ricas.\",\"publisher\":{\"@id\":\"http:\\\/\\\/amont.org\\\/fr\\\/#organization\"},\"potentialAction\":[{\"@type\":\"SearchAction\",\"target\":{\"@type\":\"EntryPoint\",\"urlTemplate\":\"http:\\\/\\\/amont.org\\\/fr\\\/?s={search_term_string}\"},\"query-input\":{\"@type\":\"PropertyValueSpecification\",\"valueRequired\":true,\"valueName\":\"search_term_string\"}}],\"inLanguage\":\"fr-FR\"},{\"@type\":\"Organization\",\"@id\":\"http:\\\/\\\/amont.org\\\/fr\\\/#organization\",\"name\":\"AMONT\",\"url\":\"http:\\\/\\\/amont.org\\\/fr\\\/\",\"logo\":{\"@type\":\"ImageObject\",\"inLanguage\":\"fr-FR\",\"@id\":\"http:\\\/\\\/amont.org\\\/fr\\\/#\\\/schema\\\/logo\\\/image\\\/\",\"url\":\"http:\\\/\\\/amont.org\\\/wp-content\\\/uploads\\\/2021\\\/09\\\/logo.png\",\"contentUrl\":\"http:\\\/\\\/amont.org\\\/wp-content\\\/uploads\\\/2021\\\/09\\\/logo.png\",\"width\":185,\"height\":185,\"caption\":\"AMONT\"},\"image\":{\"@id\":\"http:\\\/\\\/amont.org\\\/fr\\\/#\\\/schema\\\/logo\\\/image\\\/\"}}]}<\/script>\n<!-- \/ Yoast SEO plugin. -->","yoast_head_json":{"title":"Daga S3044 - AMONT, venta de r\u00e9plicas de armas antiguas.","robots":{"index":"index","follow":"follow","max-snippet":"max-snippet:-1","max-image-preview":"max-image-preview:large","max-video-preview":"max-video-preview:-1"},"canonical":"https:\/\/amont.org\/fr\/producto\/daga-s3044\/","og_locale":"fr_FR","og_type":"article","og_title":"Daga S3044 - AMONT, venta de r\u00e9plicas de armas antiguas.","og_description":"Daga S3044 Modelo de daga del Rey Demonio de Solo Leveling, r\u00e9plica No oficial, con un tama\u00f1o total de 62 cm, hoja anonizada acero en rojo, guarda con cabeza de drag\u00f3n y el mango en acero. Con soporte. Ref. S3044 Modelo: S3044 Tama\u00f1o total: 63 cm Tama\u00f1o de hoja:\u00a0 38.5 cm Grosor de hoja:\u00a0 3.9\u00a0mm [...]","og_url":"https:\/\/amont.org\/fr\/producto\/daga-s3044\/","og_site_name":"AMONT, venta de r\u00e9plicas de armas antiguas.","article_modified_time":"2026-05-10T22:00:42+00:00","og_image":[{"width":1500,"height":2121,"url":"https:\/\/amont.org\/wp-content\/uploads\/2026\/01\/S3044.jpg","type":"image\/jpeg"}],"twitter_card":"summary_large_image","schema":{"@context":"https:\/\/schema.org","@graph":[{"@type":"WebPage","@id":"https:\/\/amont.org\/fr\/producto\/daga-s3044\/","url":"https:\/\/amont.org\/fr\/producto\/daga-s3044\/","name":"Daga S3044 - AMONT, venta de r\u00e9plicas de armas antiguas.","isPartOf":{"@id":"http:\/\/amont.org\/fr\/#website"},"primaryImageOfPage":{"@id":"https:\/\/amont.org\/fr\/producto\/daga-s3044\/#primaryimage"},"image":{"@id":"https:\/\/amont.org\/fr\/producto\/daga-s3044\/#primaryimage"},"thumbnailUrl":"https:\/\/amont.org\/wp-content\/uploads\/2026\/01\/S3044.jpg","datePublished":"2026-01-29T13:34:14+00:00","dateModified":"2026-05-10T22:00:42+00:00","breadcrumb":{"@id":"https:\/\/amont.org\/fr\/producto\/daga-s3044\/#breadcrumb"},"inLanguage":"fr-FR","potentialAction":[{"@type":"ReadAction","target":["https:\/\/amont.org\/fr\/producto\/daga-s3044\/"]}]},{"@type":"ImageObject","inLanguage":"fr-FR","@id":"https:\/\/amont.org\/fr\/producto\/daga-s3044\/#primaryimage","url":"https:\/\/amont.org\/wp-content\/uploads\/2026\/01\/S3044.jpg","contentUrl":"https:\/\/amont.org\/wp-content\/uploads\/2026\/01\/S3044.jpg","width":1500,"height":2121},{"@type":"BreadcrumbList","@id":"https:\/\/amont.org\/fr\/producto\/daga-s3044\/#breadcrumb","itemListElement":[{"@type":"ListItem","position":1,"name":"Portada","item":"http:\/\/amont.org\/fr\/"},{"@type":"ListItem","position":2,"name":"Produits","item":"http:\/\/amont.org\/fr\/produits\/"},{"@type":"ListItem","position":3,"name":"Daga S3044"}]},{"@type":"WebSite","@id":"http:\/\/amont.org\/fr\/#website","url":"http:\/\/amont.org\/fr\/","name":"AMONT, venta de r\u00e9plicas de armas antiguas.","description":"Empresa situada en Girona, Catalu\u00f1a, venta de armas de colecci\u00f3n, replicas de gran calidad, r\u00e9plicas hist\u00f3ricas.","publisher":{"@id":"http:\/\/amont.org\/fr\/#organization"},"potentialAction":[{"@type":"SearchAction","target":{"@type":"EntryPoint","urlTemplate":"http:\/\/amont.org\/fr\/?s={search_term_string}"},"query-input":{"@type":"PropertyValueSpecification","valueRequired":true,"valueName":"search_term_string"}}],"inLanguage":"fr-FR"},{"@type":"Organization","@id":"http:\/\/amont.org\/fr\/#organization","name":"AMONT","url":"http:\/\/amont.org\/fr\/","logo":{"@type":"ImageObject","inLanguage":"fr-FR","@id":"http:\/\/amont.org\/fr\/#\/schema\/logo\/image\/","url":"http:\/\/amont.org\/wp-content\/uploads\/2021\/09\/logo.png","contentUrl":"http:\/\/amont.org\/wp-content\/uploads\/2021\/09\/logo.png","width":185,"height":185,"caption":"AMONT"},"image":{"@id":"http:\/\/amont.org\/fr\/#\/schema\/logo\/image\/"}}]}},"_links":{"self":[{"href":"https:\/\/amont.org\/fr\/wp-json\/wp\/v2\/product\/56353","targetHints":{"allow":["GET"]}}],"collection":[{"href":"https:\/\/amont.org\/fr\/wp-json\/wp\/v2\/product"}],"about":[{"href":"https:\/\/amont.org\/fr\/wp-json\/wp\/v2\/types\/product"}],"wp:featuredmedia":[{"embeddable":true,"href":"https:\/\/amont.org\/fr\/wp-json\/wp\/v2\/media\/56358"}],"wp:attachment":[{"href":"https:\/\/amont.org\/fr\/wp-json\/wp\/v2\/media?parent=56353"}],"wp:term":[{"taxonomy":"product_brand","embeddable":true,"href":"https:\/\/amont.org\/fr\/wp-json\/wp\/v2\/product_brand?post=56353"},{"taxonomy":"product_cat","embeddable":true,"href":"https:\/\/amont.org\/fr\/wp-json\/wp\/v2\/product_cat?post=56353"},{"taxonomy":"product_tag","embeddable":true,"href":"https:\/\/amont.org\/fr\/wp-json\/wp\/v2\/product_tag?post=56353"}],"curies":[{"name":"wp","href":"https:\/\/api.w.org\/{rel}","templated":true}]}}