{"id":56343,"date":"2026-01-29T13:26:26","date_gmt":"2026-01-29T13:26:26","guid":{"rendered":"https:\/\/amont.org\/?post_type=product&#038;p=56343"},"modified":"2026-05-10T22:00:42","modified_gmt":"2026-05-10T22:00:42","slug":"daga-s3043","status":"publish","type":"product","link":"https:\/\/amont.org\/fr\/producto\/daga-s3043\/","title":{"rendered":"Daga S3043"},"content":{"rendered":"<p>Daga S03043 Modelo de daga del Rey Demonio de Solo Leveling, r\u00e9plica No oficial, con un tama\u00f1o total de 63 cm, hoja anonizada de acero en rojo, guarda con ojo de drag\u00f3n y el mango en acero. Con soporte. <strong>Ref.<\/strong> S3043<\/p>\n<p><strong>Modelo:<\/strong> S3043<br \/>\n<strong>Tama\u00f1o total: <\/strong>63\u00a0cm<br \/>\n<strong>Tama\u00f1o de hoja:\u00a0<\/strong> 38.5 cm<br \/>\n<strong>Grosor de hoja:<\/strong> 3.9 mm<br \/>\n<strong>Soporte:\u00a0<\/strong>Con soporte<br \/>\n<strong>Peso:<\/strong> 1109 gr<\/p>\n","protected":false},"excerpt":{"rendered":"<p>Daga S03043 Modelo de daga del Rey Demonio de Solo Leveling, r\u00e9plica No oficial, con un tama\u00f1o total de 63 cm, hoja anonizada de acero en rojo, guarda con ojo de drag\u00f3n y el mango en acero. Con soporte. Ref. S3043 Modelo: S3043 Tama\u00f1o total: 63\u00a0cm Tama\u00f1o de hoja:\u00a0 38.5 cm Grosor de hoja: 3.9 [&#8230;]\n","protected":false},"featured_media":56349,"template":"","meta":{"_monsterinsights_skip_tracking":false,"_monsterinsights_sitenote_active":false,"_monsterinsights_sitenote_note":"","_monsterinsights_sitenote_category":0},"product_brand":[],"product_cat":[85,1508,1580],"product_tag":[],"class_list":{"0":"post-56343","1":"product","2":"type-product","3":"status-publish","4":"has-post-thumbnail","6":"product_cat-dagas","7":"product_cat-ultimas-novedades-dag","8":"product_cat-dagas-anime","10":"first","11":"instock","12":"shipping-taxable","13":"purchasable","14":"product-type-simple"},"yoast_head":"<!-- This site is optimized with the Yoast SEO plugin v27.5 - https:\/\/yoast.com\/product\/yoast-seo-wordpress\/ -->\n<title>Daga S3043 - AMONT, venta de r\u00e9plicas de armas antiguas.<\/title>\n<meta name=\"robots\" content=\"index, follow, max-snippet:-1, max-image-preview:large, max-video-preview:-1\" \/>\n<link rel=\"canonical\" href=\"https:\/\/amont.org\/fr\/producto\/daga-s3043\/\" \/>\n<meta property=\"og:locale\" content=\"fr_FR\" \/>\n<meta property=\"og:type\" content=\"article\" \/>\n<meta property=\"og:title\" content=\"Daga S3043 - AMONT, venta de r\u00e9plicas de armas antiguas.\" \/>\n<meta property=\"og:description\" content=\"Daga S03043 Modelo de daga del Rey Demonio de Solo Leveling, r\u00e9plica No oficial, con un tama\u00f1o total de 63 cm, hoja anonizada de acero en rojo, guarda con ojo de drag\u00f3n y el mango en acero. Con soporte. Ref. S3043 Modelo: S3043 Tama\u00f1o total: 63\u00a0cm Tama\u00f1o de hoja:\u00a0 38.5 cm Grosor de hoja: 3.9 [...]\" \/>\n<meta property=\"og:url\" content=\"https:\/\/amont.org\/fr\/producto\/daga-s3043\/\" \/>\n<meta property=\"og:site_name\" content=\"AMONT, venta de r\u00e9plicas de armas antiguas.\" \/>\n<meta property=\"article:modified_time\" content=\"2026-05-10T22:00:42+00:00\" \/>\n<meta property=\"og:image\" content=\"http:\/\/amont.org\/wp-content\/uploads\/2026\/01\/S3043.jpg\" \/>\n\t<meta property=\"og:image:width\" content=\"1500\" \/>\n\t<meta property=\"og:image:height\" content=\"2121\" \/>\n\t<meta property=\"og:image:type\" content=\"image\/jpeg\" \/>\n<meta name=\"twitter:card\" content=\"summary_large_image\" \/>\n<script type=\"application\/ld+json\" class=\"yoast-schema-graph\">{\"@context\":\"https:\\\/\\\/schema.org\",\"@graph\":[{\"@type\":\"WebPage\",\"@id\":\"https:\\\/\\\/amont.org\\\/fr\\\/producto\\\/daga-s3043\\\/\",\"url\":\"https:\\\/\\\/amont.org\\\/fr\\\/producto\\\/daga-s3043\\\/\",\"name\":\"Daga S3043 - AMONT, venta de r\u00e9plicas de armas antiguas.\",\"isPartOf\":{\"@id\":\"http:\\\/\\\/amont.org\\\/fr\\\/#website\"},\"primaryImageOfPage\":{\"@id\":\"https:\\\/\\\/amont.org\\\/fr\\\/producto\\\/daga-s3043\\\/#primaryimage\"},\"image\":{\"@id\":\"https:\\\/\\\/amont.org\\\/fr\\\/producto\\\/daga-s3043\\\/#primaryimage\"},\"thumbnailUrl\":\"https:\\\/\\\/amont.org\\\/wp-content\\\/uploads\\\/2026\\\/01\\\/S3043.jpg\",\"datePublished\":\"2026-01-29T13:26:26+00:00\",\"dateModified\":\"2026-05-10T22:00:42+00:00\",\"breadcrumb\":{\"@id\":\"https:\\\/\\\/amont.org\\\/fr\\\/producto\\\/daga-s3043\\\/#breadcrumb\"},\"inLanguage\":\"fr-FR\",\"potentialAction\":[{\"@type\":\"ReadAction\",\"target\":[\"https:\\\/\\\/amont.org\\\/fr\\\/producto\\\/daga-s3043\\\/\"]}]},{\"@type\":\"ImageObject\",\"inLanguage\":\"fr-FR\",\"@id\":\"https:\\\/\\\/amont.org\\\/fr\\\/producto\\\/daga-s3043\\\/#primaryimage\",\"url\":\"https:\\\/\\\/amont.org\\\/wp-content\\\/uploads\\\/2026\\\/01\\\/S3043.jpg\",\"contentUrl\":\"https:\\\/\\\/amont.org\\\/wp-content\\\/uploads\\\/2026\\\/01\\\/S3043.jpg\",\"width\":1500,\"height\":2121},{\"@type\":\"BreadcrumbList\",\"@id\":\"https:\\\/\\\/amont.org\\\/fr\\\/producto\\\/daga-s3043\\\/#breadcrumb\",\"itemListElement\":[{\"@type\":\"ListItem\",\"position\":1,\"name\":\"Portada\",\"item\":\"http:\\\/\\\/amont.org\\\/fr\\\/\"},{\"@type\":\"ListItem\",\"position\":2,\"name\":\"Produits\",\"item\":\"http:\\\/\\\/amont.org\\\/fr\\\/produits\\\/\"},{\"@type\":\"ListItem\",\"position\":3,\"name\":\"Daga S3043\"}]},{\"@type\":\"WebSite\",\"@id\":\"http:\\\/\\\/amont.org\\\/fr\\\/#website\",\"url\":\"http:\\\/\\\/amont.org\\\/fr\\\/\",\"name\":\"AMONT, venta de r\u00e9plicas de armas antiguas.\",\"description\":\"Empresa situada en Girona, Catalu\u00f1a, venta de armas de colecci\u00f3n, replicas de gran calidad, r\u00e9plicas hist\u00f3ricas.\",\"publisher\":{\"@id\":\"http:\\\/\\\/amont.org\\\/fr\\\/#organization\"},\"potentialAction\":[{\"@type\":\"SearchAction\",\"target\":{\"@type\":\"EntryPoint\",\"urlTemplate\":\"http:\\\/\\\/amont.org\\\/fr\\\/?s={search_term_string}\"},\"query-input\":{\"@type\":\"PropertyValueSpecification\",\"valueRequired\":true,\"valueName\":\"search_term_string\"}}],\"inLanguage\":\"fr-FR\"},{\"@type\":\"Organization\",\"@id\":\"http:\\\/\\\/amont.org\\\/fr\\\/#organization\",\"name\":\"AMONT\",\"url\":\"http:\\\/\\\/amont.org\\\/fr\\\/\",\"logo\":{\"@type\":\"ImageObject\",\"inLanguage\":\"fr-FR\",\"@id\":\"http:\\\/\\\/amont.org\\\/fr\\\/#\\\/schema\\\/logo\\\/image\\\/\",\"url\":\"http:\\\/\\\/amont.org\\\/wp-content\\\/uploads\\\/2021\\\/09\\\/logo.png\",\"contentUrl\":\"http:\\\/\\\/amont.org\\\/wp-content\\\/uploads\\\/2021\\\/09\\\/logo.png\",\"width\":185,\"height\":185,\"caption\":\"AMONT\"},\"image\":{\"@id\":\"http:\\\/\\\/amont.org\\\/fr\\\/#\\\/schema\\\/logo\\\/image\\\/\"}}]}<\/script>\n<!-- \/ Yoast SEO plugin. -->","yoast_head_json":{"title":"Daga S3043 - AMONT, venta de r\u00e9plicas de armas antiguas.","robots":{"index":"index","follow":"follow","max-snippet":"max-snippet:-1","max-image-preview":"max-image-preview:large","max-video-preview":"max-video-preview:-1"},"canonical":"https:\/\/amont.org\/fr\/producto\/daga-s3043\/","og_locale":"fr_FR","og_type":"article","og_title":"Daga S3043 - AMONT, venta de r\u00e9plicas de armas antiguas.","og_description":"Daga S03043 Modelo de daga del Rey Demonio de Solo Leveling, r\u00e9plica No oficial, con un tama\u00f1o total de 63 cm, hoja anonizada de acero en rojo, guarda con ojo de drag\u00f3n y el mango en acero. Con soporte. Ref. S3043 Modelo: S3043 Tama\u00f1o total: 63\u00a0cm Tama\u00f1o de hoja:\u00a0 38.5 cm Grosor de hoja: 3.9 [...]","og_url":"https:\/\/amont.org\/fr\/producto\/daga-s3043\/","og_site_name":"AMONT, venta de r\u00e9plicas de armas antiguas.","article_modified_time":"2026-05-10T22:00:42+00:00","og_image":[{"width":1500,"height":2121,"url":"http:\/\/amont.org\/wp-content\/uploads\/2026\/01\/S3043.jpg","type":"image\/jpeg"}],"twitter_card":"summary_large_image","schema":{"@context":"https:\/\/schema.org","@graph":[{"@type":"WebPage","@id":"https:\/\/amont.org\/fr\/producto\/daga-s3043\/","url":"https:\/\/amont.org\/fr\/producto\/daga-s3043\/","name":"Daga S3043 - AMONT, venta de r\u00e9plicas de armas antiguas.","isPartOf":{"@id":"http:\/\/amont.org\/fr\/#website"},"primaryImageOfPage":{"@id":"https:\/\/amont.org\/fr\/producto\/daga-s3043\/#primaryimage"},"image":{"@id":"https:\/\/amont.org\/fr\/producto\/daga-s3043\/#primaryimage"},"thumbnailUrl":"https:\/\/amont.org\/wp-content\/uploads\/2026\/01\/S3043.jpg","datePublished":"2026-01-29T13:26:26+00:00","dateModified":"2026-05-10T22:00:42+00:00","breadcrumb":{"@id":"https:\/\/amont.org\/fr\/producto\/daga-s3043\/#breadcrumb"},"inLanguage":"fr-FR","potentialAction":[{"@type":"ReadAction","target":["https:\/\/amont.org\/fr\/producto\/daga-s3043\/"]}]},{"@type":"ImageObject","inLanguage":"fr-FR","@id":"https:\/\/amont.org\/fr\/producto\/daga-s3043\/#primaryimage","url":"https:\/\/amont.org\/wp-content\/uploads\/2026\/01\/S3043.jpg","contentUrl":"https:\/\/amont.org\/wp-content\/uploads\/2026\/01\/S3043.jpg","width":1500,"height":2121},{"@type":"BreadcrumbList","@id":"https:\/\/amont.org\/fr\/producto\/daga-s3043\/#breadcrumb","itemListElement":[{"@type":"ListItem","position":1,"name":"Portada","item":"http:\/\/amont.org\/fr\/"},{"@type":"ListItem","position":2,"name":"Produits","item":"http:\/\/amont.org\/fr\/produits\/"},{"@type":"ListItem","position":3,"name":"Daga S3043"}]},{"@type":"WebSite","@id":"http:\/\/amont.org\/fr\/#website","url":"http:\/\/amont.org\/fr\/","name":"AMONT, venta de r\u00e9plicas de armas antiguas.","description":"Empresa situada en Girona, Catalu\u00f1a, venta de armas de colecci\u00f3n, replicas de gran calidad, r\u00e9plicas hist\u00f3ricas.","publisher":{"@id":"http:\/\/amont.org\/fr\/#organization"},"potentialAction":[{"@type":"SearchAction","target":{"@type":"EntryPoint","urlTemplate":"http:\/\/amont.org\/fr\/?s={search_term_string}"},"query-input":{"@type":"PropertyValueSpecification","valueRequired":true,"valueName":"search_term_string"}}],"inLanguage":"fr-FR"},{"@type":"Organization","@id":"http:\/\/amont.org\/fr\/#organization","name":"AMONT","url":"http:\/\/amont.org\/fr\/","logo":{"@type":"ImageObject","inLanguage":"fr-FR","@id":"http:\/\/amont.org\/fr\/#\/schema\/logo\/image\/","url":"http:\/\/amont.org\/wp-content\/uploads\/2021\/09\/logo.png","contentUrl":"http:\/\/amont.org\/wp-content\/uploads\/2021\/09\/logo.png","width":185,"height":185,"caption":"AMONT"},"image":{"@id":"http:\/\/amont.org\/fr\/#\/schema\/logo\/image\/"}}]}},"_links":{"self":[{"href":"https:\/\/amont.org\/fr\/wp-json\/wp\/v2\/product\/56343","targetHints":{"allow":["GET"]}}],"collection":[{"href":"https:\/\/amont.org\/fr\/wp-json\/wp\/v2\/product"}],"about":[{"href":"https:\/\/amont.org\/fr\/wp-json\/wp\/v2\/types\/product"}],"wp:featuredmedia":[{"embeddable":true,"href":"https:\/\/amont.org\/fr\/wp-json\/wp\/v2\/media\/56349"}],"wp:attachment":[{"href":"https:\/\/amont.org\/fr\/wp-json\/wp\/v2\/media?parent=56343"}],"wp:term":[{"taxonomy":"product_brand","embeddable":true,"href":"https:\/\/amont.org\/fr\/wp-json\/wp\/v2\/product_brand?post=56343"},{"taxonomy":"product_cat","embeddable":true,"href":"https:\/\/amont.org\/fr\/wp-json\/wp\/v2\/product_cat?post=56343"},{"taxonomy":"product_tag","embeddable":true,"href":"https:\/\/amont.org\/fr\/wp-json\/wp\/v2\/product_tag?post=56343"}],"curies":[{"name":"wp","href":"https:\/\/api.w.org\/{rel}","templated":true}]}}