{"id":55900,"date":"2026-01-09T08:34:51","date_gmt":"2026-01-09T08:34:51","guid":{"rendered":"https:\/\/amont.org\/?post_type=product&#038;p=55900"},"modified":"2026-05-07T22:01:01","modified_gmt":"2026-05-07T22:01:01","slug":"espada-s8107","status":"publish","type":"product","link":"https:\/\/amont.org\/fr\/producto\/espada-s8107\/","title":{"rendered":"Espada S8107"},"content":{"rendered":"<p>Espada S8107 de Bersek espada Matadragones, r\u00e9plica no oficial, hoja de acero acabado en negro con el corte satinado con unas dimensiones de 150 cm, no afilado. Mango trenzado en marr\u00f3n, con funda de polipiel. <strong>Ref.<\/strong> S8107<\/p>\n<p><strong>Modelo:<\/strong> S8107<br \/>\n<strong>Hoja:<\/strong>\u00a0Acero inox<br \/>\n<strong>Tama\u00f1o Total:<\/strong> 150 cm<br \/>\n<strong>Grosor de Hoja:<\/strong> 4 mm<br \/>\n<strong>Tama\u00f1o de hoja:<\/strong> 109 cm<br \/>\n<strong>Peso:<\/strong> 7500 gr<\/p>\n","protected":false},"excerpt":{"rendered":"<p>Espada S8107 de Bersek espada Matadragones, r\u00e9plica no oficial, hoja de acero acabado en negro con el corte satinado con unas dimensiones de 150 cm, no afilado. Mango trenzado en marr\u00f3n, con funda de polipiel. Ref. S8107 Modelo: S8107 Hoja:\u00a0Acero inox Tama\u00f1o Total: 150 cm Grosor de Hoja: 4 mm Tama\u00f1o de hoja: 109 cm [&#8230;]\n","protected":false},"featured_media":55901,"template":"","meta":{"_monsterinsights_skip_tracking":false,"_monsterinsights_sitenote_active":false,"_monsterinsights_sitenote_note":"","_monsterinsights_sitenote_category":0},"product_brand":[69],"product_cat":[1484,1504,79],"product_tag":[],"class_list":{"0":"post-55900","1":"product","2":"type-product","3":"status-publish","4":"has-post-thumbnail","6":"product_brand-amont","7":"product_cat-espadas-y-sables","8":"product_cat-ultimas-novedades-esp","9":"product_cat-espadas","11":"first","12":"instock","13":"shipping-taxable","14":"purchasable","15":"product-type-simple"},"yoast_head":"<!-- This site is optimized with the Yoast SEO plugin v27.5 - https:\/\/yoast.com\/product\/yoast-seo-wordpress\/ -->\n<title>Espada S8107 - AMONT, venta de r\u00e9plicas de armas antiguas.<\/title>\n<meta name=\"robots\" content=\"index, follow, max-snippet:-1, max-image-preview:large, max-video-preview:-1\" \/>\n<link rel=\"canonical\" href=\"https:\/\/amont.org\/fr\/producto\/espada-s8107\/\" \/>\n<meta property=\"og:locale\" content=\"fr_FR\" \/>\n<meta property=\"og:type\" content=\"article\" \/>\n<meta property=\"og:title\" content=\"Espada S8107 - AMONT, venta de r\u00e9plicas de armas antiguas.\" \/>\n<meta property=\"og:description\" content=\"Espada S8107 de Bersek espada Matadragones, r\u00e9plica no oficial, hoja de acero acabado en negro con el corte satinado con unas dimensiones de 150 cm, no afilado. Mango trenzado en marr\u00f3n, con funda de polipiel. Ref. S8107 Modelo: S8107 Hoja:\u00a0Acero inox Tama\u00f1o Total: 150 cm Grosor de Hoja: 4 mm Tama\u00f1o de hoja: 109 cm [...]\" \/>\n<meta property=\"og:url\" content=\"https:\/\/amont.org\/fr\/producto\/espada-s8107\/\" \/>\n<meta property=\"og:site_name\" content=\"AMONT, venta de r\u00e9plicas de armas antiguas.\" \/>\n<meta property=\"article:modified_time\" content=\"2026-05-07T22:01:01+00:00\" \/>\n<meta property=\"og:image\" content=\"https:\/\/amont.org\/wp-content\/uploads\/2026\/01\/S8107.jpg\" \/>\n\t<meta property=\"og:image:width\" content=\"1500\" \/>\n\t<meta property=\"og:image:height\" content=\"2121\" \/>\n\t<meta property=\"og:image:type\" content=\"image\/jpeg\" \/>\n<meta name=\"twitter:card\" content=\"summary_large_image\" \/>\n<script type=\"application\/ld+json\" class=\"yoast-schema-graph\">{\"@context\":\"https:\\\/\\\/schema.org\",\"@graph\":[{\"@type\":\"WebPage\",\"@id\":\"https:\\\/\\\/amont.org\\\/fr\\\/producto\\\/espada-s8107\\\/\",\"url\":\"https:\\\/\\\/amont.org\\\/fr\\\/producto\\\/espada-s8107\\\/\",\"name\":\"Espada S8107 - AMONT, venta de r\u00e9plicas de armas antiguas.\",\"isPartOf\":{\"@id\":\"http:\\\/\\\/amont.org\\\/fr\\\/#website\"},\"primaryImageOfPage\":{\"@id\":\"https:\\\/\\\/amont.org\\\/fr\\\/producto\\\/espada-s8107\\\/#primaryimage\"},\"image\":{\"@id\":\"https:\\\/\\\/amont.org\\\/fr\\\/producto\\\/espada-s8107\\\/#primaryimage\"},\"thumbnailUrl\":\"https:\\\/\\\/amont.org\\\/wp-content\\\/uploads\\\/2026\\\/01\\\/S8107.jpg\",\"datePublished\":\"2026-01-09T08:34:51+00:00\",\"dateModified\":\"2026-05-07T22:01:01+00:00\",\"breadcrumb\":{\"@id\":\"https:\\\/\\\/amont.org\\\/fr\\\/producto\\\/espada-s8107\\\/#breadcrumb\"},\"inLanguage\":\"fr-FR\",\"potentialAction\":[{\"@type\":\"ReadAction\",\"target\":[\"https:\\\/\\\/amont.org\\\/fr\\\/producto\\\/espada-s8107\\\/\"]}]},{\"@type\":\"ImageObject\",\"inLanguage\":\"fr-FR\",\"@id\":\"https:\\\/\\\/amont.org\\\/fr\\\/producto\\\/espada-s8107\\\/#primaryimage\",\"url\":\"https:\\\/\\\/amont.org\\\/wp-content\\\/uploads\\\/2026\\\/01\\\/S8107.jpg\",\"contentUrl\":\"https:\\\/\\\/amont.org\\\/wp-content\\\/uploads\\\/2026\\\/01\\\/S8107.jpg\",\"width\":1500,\"height\":2121},{\"@type\":\"BreadcrumbList\",\"@id\":\"https:\\\/\\\/amont.org\\\/fr\\\/producto\\\/espada-s8107\\\/#breadcrumb\",\"itemListElement\":[{\"@type\":\"ListItem\",\"position\":1,\"name\":\"Portada\",\"item\":\"http:\\\/\\\/amont.org\\\/fr\\\/\"},{\"@type\":\"ListItem\",\"position\":2,\"name\":\"Produits\",\"item\":\"http:\\\/\\\/amont.org\\\/fr\\\/produits\\\/\"},{\"@type\":\"ListItem\",\"position\":3,\"name\":\"Espada S8107\"}]},{\"@type\":\"WebSite\",\"@id\":\"http:\\\/\\\/amont.org\\\/fr\\\/#website\",\"url\":\"http:\\\/\\\/amont.org\\\/fr\\\/\",\"name\":\"AMONT, venta de r\u00e9plicas de armas antiguas.\",\"description\":\"Empresa situada en Girona, Catalu\u00f1a, venta de armas de colecci\u00f3n, replicas de gran calidad, r\u00e9plicas hist\u00f3ricas.\",\"publisher\":{\"@id\":\"http:\\\/\\\/amont.org\\\/fr\\\/#organization\"},\"potentialAction\":[{\"@type\":\"SearchAction\",\"target\":{\"@type\":\"EntryPoint\",\"urlTemplate\":\"http:\\\/\\\/amont.org\\\/fr\\\/?s={search_term_string}\"},\"query-input\":{\"@type\":\"PropertyValueSpecification\",\"valueRequired\":true,\"valueName\":\"search_term_string\"}}],\"inLanguage\":\"fr-FR\"},{\"@type\":\"Organization\",\"@id\":\"http:\\\/\\\/amont.org\\\/fr\\\/#organization\",\"name\":\"AMONT\",\"url\":\"http:\\\/\\\/amont.org\\\/fr\\\/\",\"logo\":{\"@type\":\"ImageObject\",\"inLanguage\":\"fr-FR\",\"@id\":\"http:\\\/\\\/amont.org\\\/fr\\\/#\\\/schema\\\/logo\\\/image\\\/\",\"url\":\"http:\\\/\\\/amont.org\\\/wp-content\\\/uploads\\\/2021\\\/09\\\/logo.png\",\"contentUrl\":\"http:\\\/\\\/amont.org\\\/wp-content\\\/uploads\\\/2021\\\/09\\\/logo.png\",\"width\":185,\"height\":185,\"caption\":\"AMONT\"},\"image\":{\"@id\":\"http:\\\/\\\/amont.org\\\/fr\\\/#\\\/schema\\\/logo\\\/image\\\/\"}}]}<\/script>\n<!-- \/ Yoast SEO plugin. -->","yoast_head_json":{"title":"Espada S8107 - AMONT, venta de r\u00e9plicas de armas antiguas.","robots":{"index":"index","follow":"follow","max-snippet":"max-snippet:-1","max-image-preview":"max-image-preview:large","max-video-preview":"max-video-preview:-1"},"canonical":"https:\/\/amont.org\/fr\/producto\/espada-s8107\/","og_locale":"fr_FR","og_type":"article","og_title":"Espada S8107 - AMONT, venta de r\u00e9plicas de armas antiguas.","og_description":"Espada S8107 de Bersek espada Matadragones, r\u00e9plica no oficial, hoja de acero acabado en negro con el corte satinado con unas dimensiones de 150 cm, no afilado. Mango trenzado en marr\u00f3n, con funda de polipiel. Ref. S8107 Modelo: S8107 Hoja:\u00a0Acero inox Tama\u00f1o Total: 150 cm Grosor de Hoja: 4 mm Tama\u00f1o de hoja: 109 cm [...]","og_url":"https:\/\/amont.org\/fr\/producto\/espada-s8107\/","og_site_name":"AMONT, venta de r\u00e9plicas de armas antiguas.","article_modified_time":"2026-05-07T22:01:01+00:00","og_image":[{"width":1500,"height":2121,"url":"https:\/\/amont.org\/wp-content\/uploads\/2026\/01\/S8107.jpg","type":"image\/jpeg"}],"twitter_card":"summary_large_image","schema":{"@context":"https:\/\/schema.org","@graph":[{"@type":"WebPage","@id":"https:\/\/amont.org\/fr\/producto\/espada-s8107\/","url":"https:\/\/amont.org\/fr\/producto\/espada-s8107\/","name":"Espada S8107 - AMONT, venta de r\u00e9plicas de armas antiguas.","isPartOf":{"@id":"http:\/\/amont.org\/fr\/#website"},"primaryImageOfPage":{"@id":"https:\/\/amont.org\/fr\/producto\/espada-s8107\/#primaryimage"},"image":{"@id":"https:\/\/amont.org\/fr\/producto\/espada-s8107\/#primaryimage"},"thumbnailUrl":"https:\/\/amont.org\/wp-content\/uploads\/2026\/01\/S8107.jpg","datePublished":"2026-01-09T08:34:51+00:00","dateModified":"2026-05-07T22:01:01+00:00","breadcrumb":{"@id":"https:\/\/amont.org\/fr\/producto\/espada-s8107\/#breadcrumb"},"inLanguage":"fr-FR","potentialAction":[{"@type":"ReadAction","target":["https:\/\/amont.org\/fr\/producto\/espada-s8107\/"]}]},{"@type":"ImageObject","inLanguage":"fr-FR","@id":"https:\/\/amont.org\/fr\/producto\/espada-s8107\/#primaryimage","url":"https:\/\/amont.org\/wp-content\/uploads\/2026\/01\/S8107.jpg","contentUrl":"https:\/\/amont.org\/wp-content\/uploads\/2026\/01\/S8107.jpg","width":1500,"height":2121},{"@type":"BreadcrumbList","@id":"https:\/\/amont.org\/fr\/producto\/espada-s8107\/#breadcrumb","itemListElement":[{"@type":"ListItem","position":1,"name":"Portada","item":"http:\/\/amont.org\/fr\/"},{"@type":"ListItem","position":2,"name":"Produits","item":"http:\/\/amont.org\/fr\/produits\/"},{"@type":"ListItem","position":3,"name":"Espada S8107"}]},{"@type":"WebSite","@id":"http:\/\/amont.org\/fr\/#website","url":"http:\/\/amont.org\/fr\/","name":"AMONT, venta de r\u00e9plicas de armas antiguas.","description":"Empresa situada en Girona, Catalu\u00f1a, venta de armas de colecci\u00f3n, replicas de gran calidad, r\u00e9plicas hist\u00f3ricas.","publisher":{"@id":"http:\/\/amont.org\/fr\/#organization"},"potentialAction":[{"@type":"SearchAction","target":{"@type":"EntryPoint","urlTemplate":"http:\/\/amont.org\/fr\/?s={search_term_string}"},"query-input":{"@type":"PropertyValueSpecification","valueRequired":true,"valueName":"search_term_string"}}],"inLanguage":"fr-FR"},{"@type":"Organization","@id":"http:\/\/amont.org\/fr\/#organization","name":"AMONT","url":"http:\/\/amont.org\/fr\/","logo":{"@type":"ImageObject","inLanguage":"fr-FR","@id":"http:\/\/amont.org\/fr\/#\/schema\/logo\/image\/","url":"http:\/\/amont.org\/wp-content\/uploads\/2021\/09\/logo.png","contentUrl":"http:\/\/amont.org\/wp-content\/uploads\/2021\/09\/logo.png","width":185,"height":185,"caption":"AMONT"},"image":{"@id":"http:\/\/amont.org\/fr\/#\/schema\/logo\/image\/"}}]}},"_links":{"self":[{"href":"https:\/\/amont.org\/fr\/wp-json\/wp\/v2\/product\/55900","targetHints":{"allow":["GET"]}}],"collection":[{"href":"https:\/\/amont.org\/fr\/wp-json\/wp\/v2\/product"}],"about":[{"href":"https:\/\/amont.org\/fr\/wp-json\/wp\/v2\/types\/product"}],"wp:featuredmedia":[{"embeddable":true,"href":"https:\/\/amont.org\/fr\/wp-json\/wp\/v2\/media\/55901"}],"wp:attachment":[{"href":"https:\/\/amont.org\/fr\/wp-json\/wp\/v2\/media?parent=55900"}],"wp:term":[{"taxonomy":"product_brand","embeddable":true,"href":"https:\/\/amont.org\/fr\/wp-json\/wp\/v2\/product_brand?post=55900"},{"taxonomy":"product_cat","embeddable":true,"href":"https:\/\/amont.org\/fr\/wp-json\/wp\/v2\/product_cat?post=55900"},{"taxonomy":"product_tag","embeddable":true,"href":"https:\/\/amont.org\/fr\/wp-json\/wp\/v2\/product_tag?post=55900"}],"curies":[{"name":"wp","href":"https:\/\/api.w.org\/{rel}","templated":true}]}}