{"id":55870,"date":"2026-01-09T08:35:20","date_gmt":"2026-01-09T08:35:20","guid":{"rendered":"https:\/\/amont.org\/?post_type=product&#038;p=55870"},"modified":"2026-05-09T22:01:13","modified_gmt":"2026-05-09T22:01:13","slug":"lanza-s8104","status":"publish","type":"product","link":"https:\/\/amont.org\/fr\/producto\/lanza-s8104\/","title":{"rendered":"Lanza S8104"},"content":{"rendered":"<p>Lanza S8104 de Mira de las Huntrix, r\u00e9plica no oficial, con unas dimensiones de 162 cm de acero inox con impresi\u00f3n 3D, no afilado. Con decorativo dorado y hilo trenzado. <strong>Ref.<\/strong> S8104<\/p>\n<p><strong>Modelo:<\/strong> S8104<br \/>\n<strong>Hoja:<\/strong>\u00a0Acero inox<br \/>\n<strong>Tama\u00f1o Total:<\/strong> 162 cm<br \/>\n<strong>Grosor de Hoja:<\/strong> 4,8 mm<br \/>\n<strong>Tama\u00f1o de hoja:<\/strong> no est\u00e1 afilado<br \/>\n<strong>Peso:<\/strong> 2750 gr<\/p>\n","protected":false},"excerpt":{"rendered":"<p>Lanza S8104 de Mira de las Huntrix, r\u00e9plica no oficial, con unas dimensiones de 162 cm de acero inox con impresi\u00f3n 3D, no afilado. Con decorativo dorado y hilo trenzado. Ref. S8104 Modelo: S8104 Hoja:\u00a0Acero inox Tama\u00f1o Total: 162 cm Grosor de Hoja: 4,8 mm Tama\u00f1o de hoja: no est\u00e1 afilado Peso: 2750 gr<\/p>\n","protected":false},"featured_media":55884,"template":"","meta":{"_monsterinsights_skip_tracking":false,"_monsterinsights_sitenote_active":false,"_monsterinsights_sitenote_note":"","_monsterinsights_sitenote_category":0},"product_brand":[69],"product_cat":[1500,1484,1504,79],"product_tag":[],"class_list":{"0":"post-55870","1":"product","2":"type-product","3":"status-publish","4":"has-post-thumbnail","6":"product_brand-amont","7":"product_cat-ultimas-novedades-cat","8":"product_cat-espadas-y-sables","9":"product_cat-ultimas-novedades-esp","10":"product_cat-espadas","12":"first","13":"instock","14":"shipping-taxable","15":"purchasable","16":"product-type-simple"},"yoast_head":"<!-- This site is optimized with the Yoast SEO plugin v27.5 - https:\/\/yoast.com\/product\/yoast-seo-wordpress\/ -->\n<title>Lanza S8104 - AMONT, venta de r\u00e9plicas de armas antiguas.<\/title>\n<meta name=\"robots\" content=\"index, follow, max-snippet:-1, max-image-preview:large, max-video-preview:-1\" \/>\n<link rel=\"canonical\" href=\"https:\/\/amont.org\/fr\/producto\/lanza-s8104\/\" \/>\n<meta property=\"og:locale\" content=\"fr_FR\" \/>\n<meta property=\"og:type\" content=\"article\" \/>\n<meta property=\"og:title\" content=\"Lanza S8104 - AMONT, venta de r\u00e9plicas de armas antiguas.\" \/>\n<meta property=\"og:description\" content=\"Lanza S8104 de Mira de las Huntrix, r\u00e9plica no oficial, con unas dimensiones de 162 cm de acero inox con impresi\u00f3n 3D, no afilado. Con decorativo dorado y hilo trenzado. Ref. S8104 Modelo: S8104 Hoja:\u00a0Acero inox Tama\u00f1o Total: 162 cm Grosor de Hoja: 4,8 mm Tama\u00f1o de hoja: no est\u00e1 afilado Peso: 2750 gr\" \/>\n<meta property=\"og:url\" content=\"https:\/\/amont.org\/fr\/producto\/lanza-s8104\/\" \/>\n<meta property=\"og:site_name\" content=\"AMONT, venta de r\u00e9plicas de armas antiguas.\" \/>\n<meta property=\"article:modified_time\" content=\"2026-05-09T22:01:13+00:00\" \/>\n<meta property=\"og:image\" content=\"https:\/\/amont.org\/wp-content\/uploads\/2026\/01\/S8104.jpg\" \/>\n\t<meta property=\"og:image:width\" content=\"1500\" \/>\n\t<meta property=\"og:image:height\" content=\"2121\" \/>\n\t<meta property=\"og:image:type\" content=\"image\/jpeg\" \/>\n<meta name=\"twitter:card\" content=\"summary_large_image\" \/>\n<script type=\"application\/ld+json\" class=\"yoast-schema-graph\">{\"@context\":\"https:\\\/\\\/schema.org\",\"@graph\":[{\"@type\":\"WebPage\",\"@id\":\"https:\\\/\\\/amont.org\\\/fr\\\/producto\\\/lanza-s8104\\\/\",\"url\":\"https:\\\/\\\/amont.org\\\/fr\\\/producto\\\/lanza-s8104\\\/\",\"name\":\"Lanza S8104 - AMONT, venta de r\u00e9plicas de armas antiguas.\",\"isPartOf\":{\"@id\":\"http:\\\/\\\/amont.org\\\/fr\\\/#website\"},\"primaryImageOfPage\":{\"@id\":\"https:\\\/\\\/amont.org\\\/fr\\\/producto\\\/lanza-s8104\\\/#primaryimage\"},\"image\":{\"@id\":\"https:\\\/\\\/amont.org\\\/fr\\\/producto\\\/lanza-s8104\\\/#primaryimage\"},\"thumbnailUrl\":\"https:\\\/\\\/amont.org\\\/wp-content\\\/uploads\\\/2026\\\/01\\\/S8104.jpg\",\"datePublished\":\"2026-01-09T08:35:20+00:00\",\"dateModified\":\"2026-05-09T22:01:13+00:00\",\"breadcrumb\":{\"@id\":\"https:\\\/\\\/amont.org\\\/fr\\\/producto\\\/lanza-s8104\\\/#breadcrumb\"},\"inLanguage\":\"fr-FR\",\"potentialAction\":[{\"@type\":\"ReadAction\",\"target\":[\"https:\\\/\\\/amont.org\\\/fr\\\/producto\\\/lanza-s8104\\\/\"]}]},{\"@type\":\"ImageObject\",\"inLanguage\":\"fr-FR\",\"@id\":\"https:\\\/\\\/amont.org\\\/fr\\\/producto\\\/lanza-s8104\\\/#primaryimage\",\"url\":\"https:\\\/\\\/amont.org\\\/wp-content\\\/uploads\\\/2026\\\/01\\\/S8104.jpg\",\"contentUrl\":\"https:\\\/\\\/amont.org\\\/wp-content\\\/uploads\\\/2026\\\/01\\\/S8104.jpg\",\"width\":1500,\"height\":2121},{\"@type\":\"BreadcrumbList\",\"@id\":\"https:\\\/\\\/amont.org\\\/fr\\\/producto\\\/lanza-s8104\\\/#breadcrumb\",\"itemListElement\":[{\"@type\":\"ListItem\",\"position\":1,\"name\":\"Portada\",\"item\":\"http:\\\/\\\/amont.org\\\/fr\\\/\"},{\"@type\":\"ListItem\",\"position\":2,\"name\":\"Produits\",\"item\":\"http:\\\/\\\/amont.org\\\/fr\\\/produits\\\/\"},{\"@type\":\"ListItem\",\"position\":3,\"name\":\"Lanza S8104\"}]},{\"@type\":\"WebSite\",\"@id\":\"http:\\\/\\\/amont.org\\\/fr\\\/#website\",\"url\":\"http:\\\/\\\/amont.org\\\/fr\\\/\",\"name\":\"AMONT, venta de r\u00e9plicas de armas antiguas.\",\"description\":\"Empresa situada en Girona, Catalu\u00f1a, venta de armas de colecci\u00f3n, replicas de gran calidad, r\u00e9plicas hist\u00f3ricas.\",\"publisher\":{\"@id\":\"http:\\\/\\\/amont.org\\\/fr\\\/#organization\"},\"potentialAction\":[{\"@type\":\"SearchAction\",\"target\":{\"@type\":\"EntryPoint\",\"urlTemplate\":\"http:\\\/\\\/amont.org\\\/fr\\\/?s={search_term_string}\"},\"query-input\":{\"@type\":\"PropertyValueSpecification\",\"valueRequired\":true,\"valueName\":\"search_term_string\"}}],\"inLanguage\":\"fr-FR\"},{\"@type\":\"Organization\",\"@id\":\"http:\\\/\\\/amont.org\\\/fr\\\/#organization\",\"name\":\"AMONT\",\"url\":\"http:\\\/\\\/amont.org\\\/fr\\\/\",\"logo\":{\"@type\":\"ImageObject\",\"inLanguage\":\"fr-FR\",\"@id\":\"http:\\\/\\\/amont.org\\\/fr\\\/#\\\/schema\\\/logo\\\/image\\\/\",\"url\":\"http:\\\/\\\/amont.org\\\/wp-content\\\/uploads\\\/2021\\\/09\\\/logo.png\",\"contentUrl\":\"http:\\\/\\\/amont.org\\\/wp-content\\\/uploads\\\/2021\\\/09\\\/logo.png\",\"width\":185,\"height\":185,\"caption\":\"AMONT\"},\"image\":{\"@id\":\"http:\\\/\\\/amont.org\\\/fr\\\/#\\\/schema\\\/logo\\\/image\\\/\"}}]}<\/script>\n<!-- \/ Yoast SEO plugin. -->","yoast_head_json":{"title":"Lanza S8104 - AMONT, venta de r\u00e9plicas de armas antiguas.","robots":{"index":"index","follow":"follow","max-snippet":"max-snippet:-1","max-image-preview":"max-image-preview:large","max-video-preview":"max-video-preview:-1"},"canonical":"https:\/\/amont.org\/fr\/producto\/lanza-s8104\/","og_locale":"fr_FR","og_type":"article","og_title":"Lanza S8104 - AMONT, venta de r\u00e9plicas de armas antiguas.","og_description":"Lanza S8104 de Mira de las Huntrix, r\u00e9plica no oficial, con unas dimensiones de 162 cm de acero inox con impresi\u00f3n 3D, no afilado. Con decorativo dorado y hilo trenzado. Ref. S8104 Modelo: S8104 Hoja:\u00a0Acero inox Tama\u00f1o Total: 162 cm Grosor de Hoja: 4,8 mm Tama\u00f1o de hoja: no est\u00e1 afilado Peso: 2750 gr","og_url":"https:\/\/amont.org\/fr\/producto\/lanza-s8104\/","og_site_name":"AMONT, venta de r\u00e9plicas de armas antiguas.","article_modified_time":"2026-05-09T22:01:13+00:00","og_image":[{"width":1500,"height":2121,"url":"https:\/\/amont.org\/wp-content\/uploads\/2026\/01\/S8104.jpg","type":"image\/jpeg"}],"twitter_card":"summary_large_image","schema":{"@context":"https:\/\/schema.org","@graph":[{"@type":"WebPage","@id":"https:\/\/amont.org\/fr\/producto\/lanza-s8104\/","url":"https:\/\/amont.org\/fr\/producto\/lanza-s8104\/","name":"Lanza S8104 - AMONT, venta de r\u00e9plicas de armas antiguas.","isPartOf":{"@id":"http:\/\/amont.org\/fr\/#website"},"primaryImageOfPage":{"@id":"https:\/\/amont.org\/fr\/producto\/lanza-s8104\/#primaryimage"},"image":{"@id":"https:\/\/amont.org\/fr\/producto\/lanza-s8104\/#primaryimage"},"thumbnailUrl":"https:\/\/amont.org\/wp-content\/uploads\/2026\/01\/S8104.jpg","datePublished":"2026-01-09T08:35:20+00:00","dateModified":"2026-05-09T22:01:13+00:00","breadcrumb":{"@id":"https:\/\/amont.org\/fr\/producto\/lanza-s8104\/#breadcrumb"},"inLanguage":"fr-FR","potentialAction":[{"@type":"ReadAction","target":["https:\/\/amont.org\/fr\/producto\/lanza-s8104\/"]}]},{"@type":"ImageObject","inLanguage":"fr-FR","@id":"https:\/\/amont.org\/fr\/producto\/lanza-s8104\/#primaryimage","url":"https:\/\/amont.org\/wp-content\/uploads\/2026\/01\/S8104.jpg","contentUrl":"https:\/\/amont.org\/wp-content\/uploads\/2026\/01\/S8104.jpg","width":1500,"height":2121},{"@type":"BreadcrumbList","@id":"https:\/\/amont.org\/fr\/producto\/lanza-s8104\/#breadcrumb","itemListElement":[{"@type":"ListItem","position":1,"name":"Portada","item":"http:\/\/amont.org\/fr\/"},{"@type":"ListItem","position":2,"name":"Produits","item":"http:\/\/amont.org\/fr\/produits\/"},{"@type":"ListItem","position":3,"name":"Lanza S8104"}]},{"@type":"WebSite","@id":"http:\/\/amont.org\/fr\/#website","url":"http:\/\/amont.org\/fr\/","name":"AMONT, venta de r\u00e9plicas de armas antiguas.","description":"Empresa situada en Girona, Catalu\u00f1a, venta de armas de colecci\u00f3n, replicas de gran calidad, r\u00e9plicas hist\u00f3ricas.","publisher":{"@id":"http:\/\/amont.org\/fr\/#organization"},"potentialAction":[{"@type":"SearchAction","target":{"@type":"EntryPoint","urlTemplate":"http:\/\/amont.org\/fr\/?s={search_term_string}"},"query-input":{"@type":"PropertyValueSpecification","valueRequired":true,"valueName":"search_term_string"}}],"inLanguage":"fr-FR"},{"@type":"Organization","@id":"http:\/\/amont.org\/fr\/#organization","name":"AMONT","url":"http:\/\/amont.org\/fr\/","logo":{"@type":"ImageObject","inLanguage":"fr-FR","@id":"http:\/\/amont.org\/fr\/#\/schema\/logo\/image\/","url":"http:\/\/amont.org\/wp-content\/uploads\/2021\/09\/logo.png","contentUrl":"http:\/\/amont.org\/wp-content\/uploads\/2021\/09\/logo.png","width":185,"height":185,"caption":"AMONT"},"image":{"@id":"http:\/\/amont.org\/fr\/#\/schema\/logo\/image\/"}}]}},"_links":{"self":[{"href":"https:\/\/amont.org\/fr\/wp-json\/wp\/v2\/product\/55870","targetHints":{"allow":["GET"]}}],"collection":[{"href":"https:\/\/amont.org\/fr\/wp-json\/wp\/v2\/product"}],"about":[{"href":"https:\/\/amont.org\/fr\/wp-json\/wp\/v2\/types\/product"}],"wp:featuredmedia":[{"embeddable":true,"href":"https:\/\/amont.org\/fr\/wp-json\/wp\/v2\/media\/55884"}],"wp:attachment":[{"href":"https:\/\/amont.org\/fr\/wp-json\/wp\/v2\/media?parent=55870"}],"wp:term":[{"taxonomy":"product_brand","embeddable":true,"href":"https:\/\/amont.org\/fr\/wp-json\/wp\/v2\/product_brand?post=55870"},{"taxonomy":"product_cat","embeddable":true,"href":"https:\/\/amont.org\/fr\/wp-json\/wp\/v2\/product_cat?post=55870"},{"taxonomy":"product_tag","embeddable":true,"href":"https:\/\/amont.org\/fr\/wp-json\/wp\/v2\/product_tag?post=55870"}],"curies":[{"name":"wp","href":"https:\/\/api.w.org\/{rel}","templated":true}]}}