{"id":53370,"date":"2025-08-28T08:30:10","date_gmt":"2025-08-28T08:30:10","guid":{"rendered":"http:\/\/amont.org\/?post_type=product&#038;p=53370"},"modified":"2026-05-07T22:00:35","modified_gmt":"2026-05-07T22:00:35","slug":"espadas-s0365","status":"publish","type":"product","link":"https:\/\/amont.org\/en\/producto\/espadas-s0365\/","title":{"rendered":"Espadas S0365"},"content":{"rendered":"<p>Espadas del Caos S0365 de God of War r\u00e9plica no oficial. Tienen un tama\u00f1o de 74 cm hoja con hoja de acero decorada de 44 cm, mango acabado en polipiel trenzado y guardas y pomos en bronce antiguo con un nivel de detalle alt\u00edsimo. Con soporte para presentar en sobremesa. <strong>Ref.<\/strong> S0365<\/p>\n<p><strong>Modelo:<\/strong> S0365<br \/>\n<strong>Tama\u00f1o total:<\/strong>\u00a0 74cm<br \/>\n<strong>Tama\u00f1o de hoja:<\/strong>\u00a0 44cm<br \/>\n<strong>Grosor de hoja:<\/strong>\u00a0 4mm<br \/>\n<strong>Mango:<\/strong>\u00a0Met\u00e1lico<br \/>\n<strong>Peso:<\/strong>\u00a0 2.25kg cada pieza<br \/>\n<strong>Soporte:\u00a0<\/strong>Si<\/p>\n","protected":false},"excerpt":{"rendered":"<p>Espadas del Caos S0365 de God of War r\u00e9plica no oficial. Tienen un tama\u00f1o de 74 cm hoja con hoja de acero decorada de 44 cm, mango acabado en polipiel trenzado y guardas y pomos en bronce antiguo con un nivel de detalle alt\u00edsimo. Con soporte para presentar en sobremesa. Ref. S0365 Modelo: S0365 Tama\u00f1o [&#8230;]\n","protected":false},"featured_media":53451,"template":"","meta":{"_monsterinsights_skip_tracking":false,"_monsterinsights_sitenote_active":false,"_monsterinsights_sitenote_note":"","_monsterinsights_sitenote_category":0},"product_brand":[],"product_cat":[1484,1504,79],"product_tag":[],"class_list":{"0":"post-53370","1":"product","2":"type-product","3":"status-publish","4":"has-post-thumbnail","6":"product_cat-espadas-y-sables","7":"product_cat-ultimas-novedades-esp","8":"product_cat-espadas","10":"first","11":"instock","12":"shipping-taxable","13":"purchasable","14":"product-type-simple"},"yoast_head":"<!-- This site is optimized with the Yoast SEO plugin v27.5 - https:\/\/yoast.com\/product\/yoast-seo-wordpress\/ -->\n<title>Espadas S0365 - AMONT, venta de r\u00e9plicas de armas antiguas.<\/title>\n<meta name=\"robots\" content=\"index, follow, max-snippet:-1, max-image-preview:large, max-video-preview:-1\" \/>\n<link rel=\"canonical\" href=\"https:\/\/amont.org\/en\/producto\/espadas-s0365\/\" \/>\n<meta property=\"og:locale\" content=\"en_US\" \/>\n<meta property=\"og:type\" content=\"article\" \/>\n<meta property=\"og:title\" content=\"Espadas S0365 - AMONT, venta de r\u00e9plicas de armas antiguas.\" \/>\n<meta property=\"og:description\" content=\"Espadas del Caos S0365 de God of War r\u00e9plica no oficial. Tienen un tama\u00f1o de 74 cm hoja con hoja de acero decorada de 44 cm, mango acabado en polipiel trenzado y guardas y pomos en bronce antiguo con un nivel de detalle alt\u00edsimo. Con soporte para presentar en sobremesa. Ref. S0365 Modelo: S0365 Tama\u00f1o [...]\" \/>\n<meta property=\"og:url\" content=\"https:\/\/amont.org\/en\/producto\/espadas-s0365\/\" \/>\n<meta property=\"og:site_name\" content=\"AMONT, venta de r\u00e9plicas de armas antiguas.\" \/>\n<meta property=\"article:modified_time\" content=\"2026-05-07T22:00:35+00:00\" \/>\n<meta property=\"og:image\" content=\"https:\/\/amont.org\/wp-content\/uploads\/2025\/08\/S0365.jpg\" \/>\n\t<meta property=\"og:image:width\" content=\"1500\" \/>\n\t<meta property=\"og:image:height\" content=\"2121\" \/>\n\t<meta property=\"og:image:type\" content=\"image\/jpeg\" \/>\n<meta name=\"twitter:card\" content=\"summary_large_image\" \/>\n<script type=\"application\/ld+json\" class=\"yoast-schema-graph\">{\"@context\":\"https:\\\/\\\/schema.org\",\"@graph\":[{\"@type\":\"WebPage\",\"@id\":\"https:\\\/\\\/amont.org\\\/en\\\/producto\\\/espadas-s0365\\\/\",\"url\":\"https:\\\/\\\/amont.org\\\/en\\\/producto\\\/espadas-s0365\\\/\",\"name\":\"Espadas S0365 - AMONT, venta de r\u00e9plicas de armas antiguas.\",\"isPartOf\":{\"@id\":\"http:\\\/\\\/amont.org\\\/en\\\/#website\"},\"primaryImageOfPage\":{\"@id\":\"https:\\\/\\\/amont.org\\\/en\\\/producto\\\/espadas-s0365\\\/#primaryimage\"},\"image\":{\"@id\":\"https:\\\/\\\/amont.org\\\/en\\\/producto\\\/espadas-s0365\\\/#primaryimage\"},\"thumbnailUrl\":\"https:\\\/\\\/amont.org\\\/wp-content\\\/uploads\\\/2025\\\/08\\\/S0365.jpg\",\"datePublished\":\"2025-08-28T08:30:10+00:00\",\"dateModified\":\"2026-05-07T22:00:35+00:00\",\"breadcrumb\":{\"@id\":\"https:\\\/\\\/amont.org\\\/en\\\/producto\\\/espadas-s0365\\\/#breadcrumb\"},\"inLanguage\":\"en-US\",\"potentialAction\":[{\"@type\":\"ReadAction\",\"target\":[\"https:\\\/\\\/amont.org\\\/en\\\/producto\\\/espadas-s0365\\\/\"]}]},{\"@type\":\"ImageObject\",\"inLanguage\":\"en-US\",\"@id\":\"https:\\\/\\\/amont.org\\\/en\\\/producto\\\/espadas-s0365\\\/#primaryimage\",\"url\":\"https:\\\/\\\/amont.org\\\/wp-content\\\/uploads\\\/2025\\\/08\\\/S0365.jpg\",\"contentUrl\":\"https:\\\/\\\/amont.org\\\/wp-content\\\/uploads\\\/2025\\\/08\\\/S0365.jpg\",\"width\":1500,\"height\":2121},{\"@type\":\"BreadcrumbList\",\"@id\":\"https:\\\/\\\/amont.org\\\/en\\\/producto\\\/espadas-s0365\\\/#breadcrumb\",\"itemListElement\":[{\"@type\":\"ListItem\",\"position\":1,\"name\":\"Portada\",\"item\":\"http:\\\/\\\/amont.org\\\/en\\\/\"},{\"@type\":\"ListItem\",\"position\":2,\"name\":\"Products\",\"item\":\"http:\\\/\\\/amont.org\\\/en\\\/products\\\/\"},{\"@type\":\"ListItem\",\"position\":3,\"name\":\"Espadas S0365\"}]},{\"@type\":\"WebSite\",\"@id\":\"http:\\\/\\\/amont.org\\\/en\\\/#website\",\"url\":\"http:\\\/\\\/amont.org\\\/en\\\/\",\"name\":\"AMONT, venta de r\u00e9plicas de armas antiguas.\",\"description\":\"Empresa situada en Girona, Catalu\u00f1a, venta de armas de colecci\u00f3n, replicas de gran calidad, r\u00e9plicas hist\u00f3ricas.\",\"publisher\":{\"@id\":\"http:\\\/\\\/amont.org\\\/en\\\/#organization\"},\"potentialAction\":[{\"@type\":\"SearchAction\",\"target\":{\"@type\":\"EntryPoint\",\"urlTemplate\":\"http:\\\/\\\/amont.org\\\/en\\\/?s={search_term_string}\"},\"query-input\":{\"@type\":\"PropertyValueSpecification\",\"valueRequired\":true,\"valueName\":\"search_term_string\"}}],\"inLanguage\":\"en-US\"},{\"@type\":\"Organization\",\"@id\":\"http:\\\/\\\/amont.org\\\/en\\\/#organization\",\"name\":\"AMONT\",\"url\":\"http:\\\/\\\/amont.org\\\/en\\\/\",\"logo\":{\"@type\":\"ImageObject\",\"inLanguage\":\"en-US\",\"@id\":\"http:\\\/\\\/amont.org\\\/en\\\/#\\\/schema\\\/logo\\\/image\\\/\",\"url\":\"http:\\\/\\\/amont.org\\\/wp-content\\\/uploads\\\/2021\\\/09\\\/logo.png\",\"contentUrl\":\"http:\\\/\\\/amont.org\\\/wp-content\\\/uploads\\\/2021\\\/09\\\/logo.png\",\"width\":185,\"height\":185,\"caption\":\"AMONT\"},\"image\":{\"@id\":\"http:\\\/\\\/amont.org\\\/en\\\/#\\\/schema\\\/logo\\\/image\\\/\"}}]}<\/script>\n<!-- \/ Yoast SEO plugin. -->","yoast_head_json":{"title":"Espadas S0365 - AMONT, venta de r\u00e9plicas de armas antiguas.","robots":{"index":"index","follow":"follow","max-snippet":"max-snippet:-1","max-image-preview":"max-image-preview:large","max-video-preview":"max-video-preview:-1"},"canonical":"https:\/\/amont.org\/en\/producto\/espadas-s0365\/","og_locale":"en_US","og_type":"article","og_title":"Espadas S0365 - AMONT, venta de r\u00e9plicas de armas antiguas.","og_description":"Espadas del Caos S0365 de God of War r\u00e9plica no oficial. Tienen un tama\u00f1o de 74 cm hoja con hoja de acero decorada de 44 cm, mango acabado en polipiel trenzado y guardas y pomos en bronce antiguo con un nivel de detalle alt\u00edsimo. Con soporte para presentar en sobremesa. Ref. S0365 Modelo: S0365 Tama\u00f1o [...]","og_url":"https:\/\/amont.org\/en\/producto\/espadas-s0365\/","og_site_name":"AMONT, venta de r\u00e9plicas de armas antiguas.","article_modified_time":"2026-05-07T22:00:35+00:00","og_image":[{"width":1500,"height":2121,"url":"https:\/\/amont.org\/wp-content\/uploads\/2025\/08\/S0365.jpg","type":"image\/jpeg"}],"twitter_card":"summary_large_image","schema":{"@context":"https:\/\/schema.org","@graph":[{"@type":"WebPage","@id":"https:\/\/amont.org\/en\/producto\/espadas-s0365\/","url":"https:\/\/amont.org\/en\/producto\/espadas-s0365\/","name":"Espadas S0365 - AMONT, venta de r\u00e9plicas de armas antiguas.","isPartOf":{"@id":"http:\/\/amont.org\/en\/#website"},"primaryImageOfPage":{"@id":"https:\/\/amont.org\/en\/producto\/espadas-s0365\/#primaryimage"},"image":{"@id":"https:\/\/amont.org\/en\/producto\/espadas-s0365\/#primaryimage"},"thumbnailUrl":"https:\/\/amont.org\/wp-content\/uploads\/2025\/08\/S0365.jpg","datePublished":"2025-08-28T08:30:10+00:00","dateModified":"2026-05-07T22:00:35+00:00","breadcrumb":{"@id":"https:\/\/amont.org\/en\/producto\/espadas-s0365\/#breadcrumb"},"inLanguage":"en-US","potentialAction":[{"@type":"ReadAction","target":["https:\/\/amont.org\/en\/producto\/espadas-s0365\/"]}]},{"@type":"ImageObject","inLanguage":"en-US","@id":"https:\/\/amont.org\/en\/producto\/espadas-s0365\/#primaryimage","url":"https:\/\/amont.org\/wp-content\/uploads\/2025\/08\/S0365.jpg","contentUrl":"https:\/\/amont.org\/wp-content\/uploads\/2025\/08\/S0365.jpg","width":1500,"height":2121},{"@type":"BreadcrumbList","@id":"https:\/\/amont.org\/en\/producto\/espadas-s0365\/#breadcrumb","itemListElement":[{"@type":"ListItem","position":1,"name":"Portada","item":"http:\/\/amont.org\/en\/"},{"@type":"ListItem","position":2,"name":"Products","item":"http:\/\/amont.org\/en\/products\/"},{"@type":"ListItem","position":3,"name":"Espadas S0365"}]},{"@type":"WebSite","@id":"http:\/\/amont.org\/en\/#website","url":"http:\/\/amont.org\/en\/","name":"AMONT, venta de r\u00e9plicas de armas antiguas.","description":"Empresa situada en Girona, Catalu\u00f1a, venta de armas de colecci\u00f3n, replicas de gran calidad, r\u00e9plicas hist\u00f3ricas.","publisher":{"@id":"http:\/\/amont.org\/en\/#organization"},"potentialAction":[{"@type":"SearchAction","target":{"@type":"EntryPoint","urlTemplate":"http:\/\/amont.org\/en\/?s={search_term_string}"},"query-input":{"@type":"PropertyValueSpecification","valueRequired":true,"valueName":"search_term_string"}}],"inLanguage":"en-US"},{"@type":"Organization","@id":"http:\/\/amont.org\/en\/#organization","name":"AMONT","url":"http:\/\/amont.org\/en\/","logo":{"@type":"ImageObject","inLanguage":"en-US","@id":"http:\/\/amont.org\/en\/#\/schema\/logo\/image\/","url":"http:\/\/amont.org\/wp-content\/uploads\/2021\/09\/logo.png","contentUrl":"http:\/\/amont.org\/wp-content\/uploads\/2021\/09\/logo.png","width":185,"height":185,"caption":"AMONT"},"image":{"@id":"http:\/\/amont.org\/en\/#\/schema\/logo\/image\/"}}]}},"_links":{"self":[{"href":"https:\/\/amont.org\/en\/wp-json\/wp\/v2\/product\/53370","targetHints":{"allow":["GET"]}}],"collection":[{"href":"https:\/\/amont.org\/en\/wp-json\/wp\/v2\/product"}],"about":[{"href":"https:\/\/amont.org\/en\/wp-json\/wp\/v2\/types\/product"}],"wp:featuredmedia":[{"embeddable":true,"href":"https:\/\/amont.org\/en\/wp-json\/wp\/v2\/media\/53451"}],"wp:attachment":[{"href":"https:\/\/amont.org\/en\/wp-json\/wp\/v2\/media?parent=53370"}],"wp:term":[{"taxonomy":"product_brand","embeddable":true,"href":"https:\/\/amont.org\/en\/wp-json\/wp\/v2\/product_brand?post=53370"},{"taxonomy":"product_cat","embeddable":true,"href":"https:\/\/amont.org\/en\/wp-json\/wp\/v2\/product_cat?post=53370"},{"taxonomy":"product_tag","embeddable":true,"href":"https:\/\/amont.org\/en\/wp-json\/wp\/v2\/product_tag?post=53370"}],"curies":[{"name":"wp","href":"https:\/\/api.w.org\/{rel}","templated":true}]}}