{"id":49477,"date":"2024-10-16T15:07:52","date_gmt":"2024-10-16T15:07:52","guid":{"rendered":"http:\/\/amont.org\/?post_type=product&#038;p=49477"},"modified":"2026-05-05T22:01:02","modified_gmt":"2026-05-05T22:01:02","slug":"espada-s6043n","status":"publish","type":"product","link":"https:\/\/amont.org\/en\/producto\/espada-s6043n\/","title":{"rendered":"Espada S6043N"},"content":{"rendered":"<p>Espada Gladius S6043N acabada en n\u00edquel y vaina en negro, con un tama\u00f1o total de 100 cm con hoja de acero. <strong>Ref.<\/strong> S6043N<\/p>\n<p><strong>Modelo:<\/strong> S6043N<br \/>\n<strong>Tama\u00f1o total:<\/strong> 77 cm<br \/>\n<strong>Tama\u00f1o de hoja:<\/strong> 49,5 cm<br \/>\n<strong>Grosor de hoja:<\/strong> 3,4 mm<br \/>\n<strong>Soporte:<\/strong> Sin soporte<br \/>\n<strong>Peso:\u00a0<\/strong>1715 gr.<\/p>\n","protected":false},"excerpt":{"rendered":"<p>Espada Gladius S6043N acabada en n\u00edquel y vaina en negro, con un tama\u00f1o total de 100 cm con hoja de acero. Ref. S6043N Modelo: S6043N Tama\u00f1o total: 77 cm Tama\u00f1o de hoja: 49,5 cm Grosor de hoja: 3,4 mm Soporte: Sin soporte Peso:\u00a01715 gr.<\/p>\n","protected":false},"featured_media":49487,"template":"","meta":{"_monsterinsights_skip_tracking":false,"_monsterinsights_sitenote_active":false,"_monsterinsights_sitenote_note":"","_monsterinsights_sitenote_category":0},"product_brand":[],"product_cat":[1484,1504,79],"product_tag":[],"class_list":{"0":"post-49477","1":"product","2":"type-product","3":"status-publish","4":"has-post-thumbnail","6":"product_cat-espadas-y-sables","7":"product_cat-ultimas-novedades-esp","8":"product_cat-espadas","10":"first","11":"instock","12":"shipping-taxable","13":"purchasable","14":"product-type-simple"},"yoast_head":"<!-- This site is optimized with the Yoast SEO plugin v27.5 - https:\/\/yoast.com\/product\/yoast-seo-wordpress\/ -->\n<title>Espada S6043N - AMONT, venta de r\u00e9plicas de armas antiguas.<\/title>\n<meta name=\"robots\" content=\"index, follow, max-snippet:-1, max-image-preview:large, max-video-preview:-1\" \/>\n<link rel=\"canonical\" href=\"https:\/\/amont.org\/en\/producto\/espada-s6043n\/\" \/>\n<meta property=\"og:locale\" content=\"en_US\" \/>\n<meta property=\"og:type\" content=\"article\" \/>\n<meta property=\"og:title\" content=\"Espada S6043N - AMONT, venta de r\u00e9plicas de armas antiguas.\" \/>\n<meta property=\"og:description\" content=\"Espada Gladius S6043N acabada en n\u00edquel y vaina en negro, con un tama\u00f1o total de 100 cm con hoja de acero. Ref. S6043N Modelo: S6043N Tama\u00f1o total: 77 cm Tama\u00f1o de hoja: 49,5 cm Grosor de hoja: 3,4 mm Soporte: Sin soporte Peso:\u00a01715 gr.\" \/>\n<meta property=\"og:url\" content=\"https:\/\/amont.org\/en\/producto\/espada-s6043n\/\" \/>\n<meta property=\"og:site_name\" content=\"AMONT, venta de r\u00e9plicas de armas antiguas.\" \/>\n<meta property=\"article:modified_time\" content=\"2026-05-05T22:01:02+00:00\" \/>\n<meta property=\"og:image\" content=\"http:\/\/amont.org\/wp-content\/uploads\/2024\/10\/S6043N-CERRADA.jpg\" \/>\n\t<meta property=\"og:image:width\" content=\"1500\" \/>\n\t<meta property=\"og:image:height\" content=\"2121\" \/>\n\t<meta property=\"og:image:type\" content=\"image\/jpeg\" \/>\n<meta name=\"twitter:card\" content=\"summary_large_image\" \/>\n<script type=\"application\/ld+json\" class=\"yoast-schema-graph\">{\"@context\":\"https:\\\/\\\/schema.org\",\"@graph\":[{\"@type\":\"WebPage\",\"@id\":\"https:\\\/\\\/amont.org\\\/en\\\/producto\\\/espada-s6043n\\\/\",\"url\":\"https:\\\/\\\/amont.org\\\/en\\\/producto\\\/espada-s6043n\\\/\",\"name\":\"Espada S6043N - AMONT, venta de r\u00e9plicas de armas antiguas.\",\"isPartOf\":{\"@id\":\"http:\\\/\\\/amont.org\\\/en\\\/#website\"},\"primaryImageOfPage\":{\"@id\":\"https:\\\/\\\/amont.org\\\/en\\\/producto\\\/espada-s6043n\\\/#primaryimage\"},\"image\":{\"@id\":\"https:\\\/\\\/amont.org\\\/en\\\/producto\\\/espada-s6043n\\\/#primaryimage\"},\"thumbnailUrl\":\"https:\\\/\\\/amont.org\\\/wp-content\\\/uploads\\\/2024\\\/10\\\/S6043N-CERRADA.jpg\",\"datePublished\":\"2024-10-16T15:07:52+00:00\",\"dateModified\":\"2026-05-05T22:01:02+00:00\",\"breadcrumb\":{\"@id\":\"https:\\\/\\\/amont.org\\\/en\\\/producto\\\/espada-s6043n\\\/#breadcrumb\"},\"inLanguage\":\"en-US\",\"potentialAction\":[{\"@type\":\"ReadAction\",\"target\":[\"https:\\\/\\\/amont.org\\\/en\\\/producto\\\/espada-s6043n\\\/\"]}]},{\"@type\":\"ImageObject\",\"inLanguage\":\"en-US\",\"@id\":\"https:\\\/\\\/amont.org\\\/en\\\/producto\\\/espada-s6043n\\\/#primaryimage\",\"url\":\"https:\\\/\\\/amont.org\\\/wp-content\\\/uploads\\\/2024\\\/10\\\/S6043N-CERRADA.jpg\",\"contentUrl\":\"https:\\\/\\\/amont.org\\\/wp-content\\\/uploads\\\/2024\\\/10\\\/S6043N-CERRADA.jpg\",\"width\":1500,\"height\":2121},{\"@type\":\"BreadcrumbList\",\"@id\":\"https:\\\/\\\/amont.org\\\/en\\\/producto\\\/espada-s6043n\\\/#breadcrumb\",\"itemListElement\":[{\"@type\":\"ListItem\",\"position\":1,\"name\":\"Portada\",\"item\":\"http:\\\/\\\/amont.org\\\/en\\\/\"},{\"@type\":\"ListItem\",\"position\":2,\"name\":\"Products\",\"item\":\"http:\\\/\\\/amont.org\\\/en\\\/products\\\/\"},{\"@type\":\"ListItem\",\"position\":3,\"name\":\"Espada S6043N\"}]},{\"@type\":\"WebSite\",\"@id\":\"http:\\\/\\\/amont.org\\\/en\\\/#website\",\"url\":\"http:\\\/\\\/amont.org\\\/en\\\/\",\"name\":\"AMONT, venta de r\u00e9plicas de armas antiguas.\",\"description\":\"Empresa situada en Girona, Catalu\u00f1a, venta de armas de colecci\u00f3n, replicas de gran calidad, r\u00e9plicas hist\u00f3ricas.\",\"publisher\":{\"@id\":\"http:\\\/\\\/amont.org\\\/en\\\/#organization\"},\"potentialAction\":[{\"@type\":\"SearchAction\",\"target\":{\"@type\":\"EntryPoint\",\"urlTemplate\":\"http:\\\/\\\/amont.org\\\/en\\\/?s={search_term_string}\"},\"query-input\":{\"@type\":\"PropertyValueSpecification\",\"valueRequired\":true,\"valueName\":\"search_term_string\"}}],\"inLanguage\":\"en-US\"},{\"@type\":\"Organization\",\"@id\":\"http:\\\/\\\/amont.org\\\/en\\\/#organization\",\"name\":\"AMONT\",\"url\":\"http:\\\/\\\/amont.org\\\/en\\\/\",\"logo\":{\"@type\":\"ImageObject\",\"inLanguage\":\"en-US\",\"@id\":\"http:\\\/\\\/amont.org\\\/en\\\/#\\\/schema\\\/logo\\\/image\\\/\",\"url\":\"http:\\\/\\\/amont.org\\\/wp-content\\\/uploads\\\/2021\\\/09\\\/logo.png\",\"contentUrl\":\"http:\\\/\\\/amont.org\\\/wp-content\\\/uploads\\\/2021\\\/09\\\/logo.png\",\"width\":185,\"height\":185,\"caption\":\"AMONT\"},\"image\":{\"@id\":\"http:\\\/\\\/amont.org\\\/en\\\/#\\\/schema\\\/logo\\\/image\\\/\"}}]}<\/script>\n<!-- \/ Yoast SEO plugin. -->","yoast_head_json":{"title":"Espada S6043N - AMONT, venta de r\u00e9plicas de armas antiguas.","robots":{"index":"index","follow":"follow","max-snippet":"max-snippet:-1","max-image-preview":"max-image-preview:large","max-video-preview":"max-video-preview:-1"},"canonical":"https:\/\/amont.org\/en\/producto\/espada-s6043n\/","og_locale":"en_US","og_type":"article","og_title":"Espada S6043N - AMONT, venta de r\u00e9plicas de armas antiguas.","og_description":"Espada Gladius S6043N acabada en n\u00edquel y vaina en negro, con un tama\u00f1o total de 100 cm con hoja de acero. Ref. S6043N Modelo: S6043N Tama\u00f1o total: 77 cm Tama\u00f1o de hoja: 49,5 cm Grosor de hoja: 3,4 mm Soporte: Sin soporte Peso:\u00a01715 gr.","og_url":"https:\/\/amont.org\/en\/producto\/espada-s6043n\/","og_site_name":"AMONT, venta de r\u00e9plicas de armas antiguas.","article_modified_time":"2026-05-05T22:01:02+00:00","og_image":[{"width":1500,"height":2121,"url":"http:\/\/amont.org\/wp-content\/uploads\/2024\/10\/S6043N-CERRADA.jpg","type":"image\/jpeg"}],"twitter_card":"summary_large_image","schema":{"@context":"https:\/\/schema.org","@graph":[{"@type":"WebPage","@id":"https:\/\/amont.org\/en\/producto\/espada-s6043n\/","url":"https:\/\/amont.org\/en\/producto\/espada-s6043n\/","name":"Espada S6043N - AMONT, venta de r\u00e9plicas de armas antiguas.","isPartOf":{"@id":"http:\/\/amont.org\/en\/#website"},"primaryImageOfPage":{"@id":"https:\/\/amont.org\/en\/producto\/espada-s6043n\/#primaryimage"},"image":{"@id":"https:\/\/amont.org\/en\/producto\/espada-s6043n\/#primaryimage"},"thumbnailUrl":"https:\/\/amont.org\/wp-content\/uploads\/2024\/10\/S6043N-CERRADA.jpg","datePublished":"2024-10-16T15:07:52+00:00","dateModified":"2026-05-05T22:01:02+00:00","breadcrumb":{"@id":"https:\/\/amont.org\/en\/producto\/espada-s6043n\/#breadcrumb"},"inLanguage":"en-US","potentialAction":[{"@type":"ReadAction","target":["https:\/\/amont.org\/en\/producto\/espada-s6043n\/"]}]},{"@type":"ImageObject","inLanguage":"en-US","@id":"https:\/\/amont.org\/en\/producto\/espada-s6043n\/#primaryimage","url":"https:\/\/amont.org\/wp-content\/uploads\/2024\/10\/S6043N-CERRADA.jpg","contentUrl":"https:\/\/amont.org\/wp-content\/uploads\/2024\/10\/S6043N-CERRADA.jpg","width":1500,"height":2121},{"@type":"BreadcrumbList","@id":"https:\/\/amont.org\/en\/producto\/espada-s6043n\/#breadcrumb","itemListElement":[{"@type":"ListItem","position":1,"name":"Portada","item":"http:\/\/amont.org\/en\/"},{"@type":"ListItem","position":2,"name":"Products","item":"http:\/\/amont.org\/en\/products\/"},{"@type":"ListItem","position":3,"name":"Espada S6043N"}]},{"@type":"WebSite","@id":"http:\/\/amont.org\/en\/#website","url":"http:\/\/amont.org\/en\/","name":"AMONT, venta de r\u00e9plicas de armas antiguas.","description":"Empresa situada en Girona, Catalu\u00f1a, venta de armas de colecci\u00f3n, replicas de gran calidad, r\u00e9plicas hist\u00f3ricas.","publisher":{"@id":"http:\/\/amont.org\/en\/#organization"},"potentialAction":[{"@type":"SearchAction","target":{"@type":"EntryPoint","urlTemplate":"http:\/\/amont.org\/en\/?s={search_term_string}"},"query-input":{"@type":"PropertyValueSpecification","valueRequired":true,"valueName":"search_term_string"}}],"inLanguage":"en-US"},{"@type":"Organization","@id":"http:\/\/amont.org\/en\/#organization","name":"AMONT","url":"http:\/\/amont.org\/en\/","logo":{"@type":"ImageObject","inLanguage":"en-US","@id":"http:\/\/amont.org\/en\/#\/schema\/logo\/image\/","url":"http:\/\/amont.org\/wp-content\/uploads\/2021\/09\/logo.png","contentUrl":"http:\/\/amont.org\/wp-content\/uploads\/2021\/09\/logo.png","width":185,"height":185,"caption":"AMONT"},"image":{"@id":"http:\/\/amont.org\/en\/#\/schema\/logo\/image\/"}}]}},"_links":{"self":[{"href":"https:\/\/amont.org\/en\/wp-json\/wp\/v2\/product\/49477","targetHints":{"allow":["GET"]}}],"collection":[{"href":"https:\/\/amont.org\/en\/wp-json\/wp\/v2\/product"}],"about":[{"href":"https:\/\/amont.org\/en\/wp-json\/wp\/v2\/types\/product"}],"wp:featuredmedia":[{"embeddable":true,"href":"https:\/\/amont.org\/en\/wp-json\/wp\/v2\/media\/49487"}],"wp:attachment":[{"href":"https:\/\/amont.org\/en\/wp-json\/wp\/v2\/media?parent=49477"}],"wp:term":[{"taxonomy":"product_brand","embeddable":true,"href":"https:\/\/amont.org\/en\/wp-json\/wp\/v2\/product_brand?post=49477"},{"taxonomy":"product_cat","embeddable":true,"href":"https:\/\/amont.org\/en\/wp-json\/wp\/v2\/product_cat?post=49477"},{"taxonomy":"product_tag","embeddable":true,"href":"https:\/\/amont.org\/en\/wp-json\/wp\/v2\/product_tag?post=49477"}],"curies":[{"name":"wp","href":"https:\/\/api.w.org\/{rel}","templated":true}]}}