{"id":49209,"date":"2024-10-09T13:59:49","date_gmt":"2024-10-09T13:59:49","guid":{"rendered":"http:\/\/amont.org\/?post_type=product&#038;p=49209"},"modified":"2026-04-30T08:54:22","modified_gmt":"2026-04-30T08:54:22","slug":"espada-s3036","status":"publish","type":"product","link":"https:\/\/amont.org\/en\/producto\/espada-s3036\/","title":{"rendered":"Espada S3036"},"content":{"rendered":"<p>Espada S3036 Modelo cadete de espada, el pomo y la guarda de color n\u00edque, la empu\u00f1adura de color negro con detlles en n\u00edquel. Con un tama\u00f1o total 61 cm, hoja de acero. Contiene Funda con correa. <strong>Ref.<\/strong> S3036<\/p>\n<p><strong>Modelo:\u00a0<\/strong> Ref. S3036<br \/>\n<strong>Tama\u00f1o total:\u00a0<\/strong> 61 cm<br \/>\n<strong>Tama\u00f1o de hoja:\u00a0 <\/strong>43\u00a0cm<br \/>\n<strong>Grosor de hoja:\u00a0<\/strong>\u00a03&#8217;6 mm<br \/>\n<strong>Soporte: <\/strong>Sin\u00a0soporte<\/p>\n<p>&nbsp;<\/p>\n","protected":false},"excerpt":{"rendered":"<p>Espada S3036 Modelo cadete de espada, el pomo y la guarda de color n\u00edque, la empu\u00f1adura de color negro con detlles en n\u00edquel. Con un tama\u00f1o total 61 cm, hoja de acero. Contiene Funda con correa. Ref. S3036 Modelo:\u00a0 Ref. S3036 Tama\u00f1o total:\u00a0 61 cm Tama\u00f1o de hoja:\u00a0 43\u00a0cm Grosor de hoja:\u00a0\u00a03&#8217;6 mm Soporte: Sin\u00a0soporte [&#8230;]\n","protected":false},"featured_media":49222,"template":"","meta":{"_monsterinsights_skip_tracking":false,"_monsterinsights_sitenote_active":false,"_monsterinsights_sitenote_note":"","_monsterinsights_sitenote_category":0},"product_brand":[],"product_cat":[1484,1504,79],"product_tag":[],"class_list":{"0":"post-49209","1":"product","2":"type-product","3":"status-publish","4":"has-post-thumbnail","6":"product_cat-espadas-y-sables","7":"product_cat-ultimas-novedades-esp","8":"product_cat-espadas","10":"first","11":"instock","12":"shipping-taxable","13":"purchasable","14":"product-type-simple"},"yoast_head":"<!-- This site is optimized with the Yoast SEO plugin v27.5 - https:\/\/yoast.com\/product\/yoast-seo-wordpress\/ -->\n<title>Espada S3036 - AMONT, venta de r\u00e9plicas de armas antiguas.<\/title>\n<meta name=\"robots\" content=\"index, follow, max-snippet:-1, max-image-preview:large, max-video-preview:-1\" \/>\n<link rel=\"canonical\" href=\"https:\/\/amont.org\/en\/producto\/espada-s3036\/\" \/>\n<meta property=\"og:locale\" content=\"en_US\" \/>\n<meta property=\"og:type\" content=\"article\" \/>\n<meta property=\"og:title\" content=\"Espada S3036 - AMONT, venta de r\u00e9plicas de armas antiguas.\" \/>\n<meta property=\"og:description\" content=\"Espada S3036 Modelo cadete de espada, el pomo y la guarda de color n\u00edque, la empu\u00f1adura de color negro con detlles en n\u00edquel. Con un tama\u00f1o total 61 cm, hoja de acero. Contiene Funda con correa. Ref. S3036 Modelo:\u00a0 Ref. S3036 Tama\u00f1o total:\u00a0 61 cm Tama\u00f1o de hoja:\u00a0 43\u00a0cm Grosor de hoja:\u00a0\u00a03&#8217;6 mm Soporte: Sin\u00a0soporte [...]\" \/>\n<meta property=\"og:url\" content=\"https:\/\/amont.org\/en\/producto\/espada-s3036\/\" \/>\n<meta property=\"og:site_name\" content=\"AMONT, venta de r\u00e9plicas de armas antiguas.\" \/>\n<meta property=\"article:modified_time\" content=\"2026-04-30T08:54:22+00:00\" \/>\n<meta property=\"og:image\" content=\"http:\/\/amont.org\/wp-content\/uploads\/2024\/10\/S3036-CERRADA.jpg\" \/>\n\t<meta property=\"og:image:width\" content=\"1500\" \/>\n\t<meta property=\"og:image:height\" content=\"2121\" \/>\n\t<meta property=\"og:image:type\" content=\"image\/jpeg\" \/>\n<meta name=\"twitter:card\" content=\"summary_large_image\" \/>\n<script type=\"application\/ld+json\" class=\"yoast-schema-graph\">{\"@context\":\"https:\\\/\\\/schema.org\",\"@graph\":[{\"@type\":\"WebPage\",\"@id\":\"https:\\\/\\\/amont.org\\\/en\\\/producto\\\/espada-s3036\\\/\",\"url\":\"https:\\\/\\\/amont.org\\\/en\\\/producto\\\/espada-s3036\\\/\",\"name\":\"Espada S3036 - AMONT, venta de r\u00e9plicas de armas antiguas.\",\"isPartOf\":{\"@id\":\"http:\\\/\\\/amont.org\\\/en\\\/#website\"},\"primaryImageOfPage\":{\"@id\":\"https:\\\/\\\/amont.org\\\/en\\\/producto\\\/espada-s3036\\\/#primaryimage\"},\"image\":{\"@id\":\"https:\\\/\\\/amont.org\\\/en\\\/producto\\\/espada-s3036\\\/#primaryimage\"},\"thumbnailUrl\":\"https:\\\/\\\/amont.org\\\/wp-content\\\/uploads\\\/2024\\\/10\\\/S3036-CERRADA.jpg\",\"datePublished\":\"2024-10-09T13:59:49+00:00\",\"dateModified\":\"2026-04-30T08:54:22+00:00\",\"breadcrumb\":{\"@id\":\"https:\\\/\\\/amont.org\\\/en\\\/producto\\\/espada-s3036\\\/#breadcrumb\"},\"inLanguage\":\"en-US\",\"potentialAction\":[{\"@type\":\"ReadAction\",\"target\":[\"https:\\\/\\\/amont.org\\\/en\\\/producto\\\/espada-s3036\\\/\"]}]},{\"@type\":\"ImageObject\",\"inLanguage\":\"en-US\",\"@id\":\"https:\\\/\\\/amont.org\\\/en\\\/producto\\\/espada-s3036\\\/#primaryimage\",\"url\":\"https:\\\/\\\/amont.org\\\/wp-content\\\/uploads\\\/2024\\\/10\\\/S3036-CERRADA.jpg\",\"contentUrl\":\"https:\\\/\\\/amont.org\\\/wp-content\\\/uploads\\\/2024\\\/10\\\/S3036-CERRADA.jpg\",\"width\":1500,\"height\":2121},{\"@type\":\"BreadcrumbList\",\"@id\":\"https:\\\/\\\/amont.org\\\/en\\\/producto\\\/espada-s3036\\\/#breadcrumb\",\"itemListElement\":[{\"@type\":\"ListItem\",\"position\":1,\"name\":\"Portada\",\"item\":\"http:\\\/\\\/amont.org\\\/en\\\/\"},{\"@type\":\"ListItem\",\"position\":2,\"name\":\"Products\",\"item\":\"http:\\\/\\\/amont.org\\\/en\\\/products\\\/\"},{\"@type\":\"ListItem\",\"position\":3,\"name\":\"Espada S3036\"}]},{\"@type\":\"WebSite\",\"@id\":\"http:\\\/\\\/amont.org\\\/en\\\/#website\",\"url\":\"http:\\\/\\\/amont.org\\\/en\\\/\",\"name\":\"AMONT, venta de r\u00e9plicas de armas antiguas.\",\"description\":\"Empresa situada en Girona, Catalu\u00f1a, venta de armas de colecci\u00f3n, replicas de gran calidad, r\u00e9plicas hist\u00f3ricas.\",\"publisher\":{\"@id\":\"http:\\\/\\\/amont.org\\\/en\\\/#organization\"},\"potentialAction\":[{\"@type\":\"SearchAction\",\"target\":{\"@type\":\"EntryPoint\",\"urlTemplate\":\"http:\\\/\\\/amont.org\\\/en\\\/?s={search_term_string}\"},\"query-input\":{\"@type\":\"PropertyValueSpecification\",\"valueRequired\":true,\"valueName\":\"search_term_string\"}}],\"inLanguage\":\"en-US\"},{\"@type\":\"Organization\",\"@id\":\"http:\\\/\\\/amont.org\\\/en\\\/#organization\",\"name\":\"AMONT\",\"url\":\"http:\\\/\\\/amont.org\\\/en\\\/\",\"logo\":{\"@type\":\"ImageObject\",\"inLanguage\":\"en-US\",\"@id\":\"http:\\\/\\\/amont.org\\\/en\\\/#\\\/schema\\\/logo\\\/image\\\/\",\"url\":\"http:\\\/\\\/amont.org\\\/wp-content\\\/uploads\\\/2021\\\/09\\\/logo.png\",\"contentUrl\":\"http:\\\/\\\/amont.org\\\/wp-content\\\/uploads\\\/2021\\\/09\\\/logo.png\",\"width\":185,\"height\":185,\"caption\":\"AMONT\"},\"image\":{\"@id\":\"http:\\\/\\\/amont.org\\\/en\\\/#\\\/schema\\\/logo\\\/image\\\/\"}}]}<\/script>\n<!-- \/ Yoast SEO plugin. -->","yoast_head_json":{"title":"Espada S3036 - AMONT, venta de r\u00e9plicas de armas antiguas.","robots":{"index":"index","follow":"follow","max-snippet":"max-snippet:-1","max-image-preview":"max-image-preview:large","max-video-preview":"max-video-preview:-1"},"canonical":"https:\/\/amont.org\/en\/producto\/espada-s3036\/","og_locale":"en_US","og_type":"article","og_title":"Espada S3036 - AMONT, venta de r\u00e9plicas de armas antiguas.","og_description":"Espada S3036 Modelo cadete de espada, el pomo y la guarda de color n\u00edque, la empu\u00f1adura de color negro con detlles en n\u00edquel. Con un tama\u00f1o total 61 cm, hoja de acero. Contiene Funda con correa. Ref. S3036 Modelo:\u00a0 Ref. S3036 Tama\u00f1o total:\u00a0 61 cm Tama\u00f1o de hoja:\u00a0 43\u00a0cm Grosor de hoja:\u00a0\u00a03&#8217;6 mm Soporte: Sin\u00a0soporte [...]","og_url":"https:\/\/amont.org\/en\/producto\/espada-s3036\/","og_site_name":"AMONT, venta de r\u00e9plicas de armas antiguas.","article_modified_time":"2026-04-30T08:54:22+00:00","og_image":[{"width":1500,"height":2121,"url":"http:\/\/amont.org\/wp-content\/uploads\/2024\/10\/S3036-CERRADA.jpg","type":"image\/jpeg"}],"twitter_card":"summary_large_image","schema":{"@context":"https:\/\/schema.org","@graph":[{"@type":"WebPage","@id":"https:\/\/amont.org\/en\/producto\/espada-s3036\/","url":"https:\/\/amont.org\/en\/producto\/espada-s3036\/","name":"Espada S3036 - AMONT, venta de r\u00e9plicas de armas antiguas.","isPartOf":{"@id":"http:\/\/amont.org\/en\/#website"},"primaryImageOfPage":{"@id":"https:\/\/amont.org\/en\/producto\/espada-s3036\/#primaryimage"},"image":{"@id":"https:\/\/amont.org\/en\/producto\/espada-s3036\/#primaryimage"},"thumbnailUrl":"https:\/\/amont.org\/wp-content\/uploads\/2024\/10\/S3036-CERRADA.jpg","datePublished":"2024-10-09T13:59:49+00:00","dateModified":"2026-04-30T08:54:22+00:00","breadcrumb":{"@id":"https:\/\/amont.org\/en\/producto\/espada-s3036\/#breadcrumb"},"inLanguage":"en-US","potentialAction":[{"@type":"ReadAction","target":["https:\/\/amont.org\/en\/producto\/espada-s3036\/"]}]},{"@type":"ImageObject","inLanguage":"en-US","@id":"https:\/\/amont.org\/en\/producto\/espada-s3036\/#primaryimage","url":"https:\/\/amont.org\/wp-content\/uploads\/2024\/10\/S3036-CERRADA.jpg","contentUrl":"https:\/\/amont.org\/wp-content\/uploads\/2024\/10\/S3036-CERRADA.jpg","width":1500,"height":2121},{"@type":"BreadcrumbList","@id":"https:\/\/amont.org\/en\/producto\/espada-s3036\/#breadcrumb","itemListElement":[{"@type":"ListItem","position":1,"name":"Portada","item":"http:\/\/amont.org\/en\/"},{"@type":"ListItem","position":2,"name":"Products","item":"http:\/\/amont.org\/en\/products\/"},{"@type":"ListItem","position":3,"name":"Espada S3036"}]},{"@type":"WebSite","@id":"http:\/\/amont.org\/en\/#website","url":"http:\/\/amont.org\/en\/","name":"AMONT, venta de r\u00e9plicas de armas antiguas.","description":"Empresa situada en Girona, Catalu\u00f1a, venta de armas de colecci\u00f3n, replicas de gran calidad, r\u00e9plicas hist\u00f3ricas.","publisher":{"@id":"http:\/\/amont.org\/en\/#organization"},"potentialAction":[{"@type":"SearchAction","target":{"@type":"EntryPoint","urlTemplate":"http:\/\/amont.org\/en\/?s={search_term_string}"},"query-input":{"@type":"PropertyValueSpecification","valueRequired":true,"valueName":"search_term_string"}}],"inLanguage":"en-US"},{"@type":"Organization","@id":"http:\/\/amont.org\/en\/#organization","name":"AMONT","url":"http:\/\/amont.org\/en\/","logo":{"@type":"ImageObject","inLanguage":"en-US","@id":"http:\/\/amont.org\/en\/#\/schema\/logo\/image\/","url":"http:\/\/amont.org\/wp-content\/uploads\/2021\/09\/logo.png","contentUrl":"http:\/\/amont.org\/wp-content\/uploads\/2021\/09\/logo.png","width":185,"height":185,"caption":"AMONT"},"image":{"@id":"http:\/\/amont.org\/en\/#\/schema\/logo\/image\/"}}]}},"_links":{"self":[{"href":"https:\/\/amont.org\/en\/wp-json\/wp\/v2\/product\/49209","targetHints":{"allow":["GET"]}}],"collection":[{"href":"https:\/\/amont.org\/en\/wp-json\/wp\/v2\/product"}],"about":[{"href":"https:\/\/amont.org\/en\/wp-json\/wp\/v2\/types\/product"}],"wp:featuredmedia":[{"embeddable":true,"href":"https:\/\/amont.org\/en\/wp-json\/wp\/v2\/media\/49222"}],"wp:attachment":[{"href":"https:\/\/amont.org\/en\/wp-json\/wp\/v2\/media?parent=49209"}],"wp:term":[{"taxonomy":"product_brand","embeddable":true,"href":"https:\/\/amont.org\/en\/wp-json\/wp\/v2\/product_brand?post=49209"},{"taxonomy":"product_cat","embeddable":true,"href":"https:\/\/amont.org\/en\/wp-json\/wp\/v2\/product_cat?post=49209"},{"taxonomy":"product_tag","embeddable":true,"href":"https:\/\/amont.org\/en\/wp-json\/wp\/v2\/product_tag?post=49209"}],"curies":[{"name":"wp","href":"https:\/\/api.w.org\/{rel}","templated":true}]}}