{"id":56571,"date":"2026-02-14T13:56:46","date_gmt":"2026-02-14T13:56:46","guid":{"rendered":"https:\/\/amont.org\/?post_type=product&#038;p=56571"},"modified":"2026-05-08T22:01:09","modified_gmt":"2026-05-08T22:01:09","slug":"espadas-s8108","status":"publish","type":"product","link":"https:\/\/amont.org\/ca\/producto\/espadas-s8108\/","title":{"rendered":"Espadas S8108"},"content":{"rendered":"<p>Espadas del Caos S8108 de God of War r\u00e9plica no oficial. Tienen un tama\u00f1o de 54 cm hoja con hoja de acero decorada de 32 cm, mango acabado en bronce antiguo. Con soporte para colgar. <strong>Ref.<\/strong> S8108<\/p>\n<p><strong>Modelo:<\/strong> S8108<br \/>\n<strong>Tama\u00f1o total:<\/strong>\u00a054 cm<br \/>\n<strong>Tama\u00f1o de hoja:<\/strong>\u00a032 cm<br \/>\n<strong>Grosor de hoja:<\/strong>\u00a04 mm<br \/>\n<strong>Mango:<\/strong>\u00a0Met\u00e1lico<br \/>\n<strong>Peso:<\/strong>\u00a01301 gr cada pieza<br \/>\n<strong>Soporte:\u00a0<\/strong>Si<\/p>\n","protected":false},"excerpt":{"rendered":"<p>Espadas del Caos S8108 de God of War r\u00e9plica no oficial. Tienen un tama\u00f1o de 54 cm hoja con hoja de acero decorada de 32 cm, mango acabado en bronce antiguo. Con soporte para colgar. Ref. S8108 Modelo: S8108 Tama\u00f1o total:\u00a054 cm Tama\u00f1o de hoja:\u00a032 cm Grosor de hoja:\u00a04 mm Mango:\u00a0Met\u00e1lico Peso:\u00a01301 gr cada pieza [&#8230;]\n","protected":false},"featured_media":56582,"template":"","meta":{"_monsterinsights_skip_tracking":false,"_monsterinsights_sitenote_active":false,"_monsterinsights_sitenote_note":"","_monsterinsights_sitenote_category":0},"product_brand":[69],"product_cat":[1484,1504,79],"product_tag":[],"class_list":{"0":"post-56571","1":"product","2":"type-product","3":"status-publish","4":"has-post-thumbnail","6":"product_brand-amont","7":"product_cat-espadas-y-sables","8":"product_cat-ultimas-novedades-esp","9":"product_cat-espadas","11":"first","12":"instock","13":"shipping-taxable","14":"purchasable","15":"product-type-simple"},"yoast_head":"<!-- This site is optimized with the Yoast SEO plugin v27.5 - https:\/\/yoast.com\/product\/yoast-seo-wordpress\/ -->\n<title>Espadas S8108 - AMONT, venta de r\u00e9plicas de armas antiguas.<\/title>\n<meta name=\"robots\" content=\"index, follow, max-snippet:-1, max-image-preview:large, max-video-preview:-1\" \/>\n<link rel=\"canonical\" href=\"https:\/\/amont.org\/ca\/producto\/espadas-s8108\/\" \/>\n<meta property=\"og:locale\" content=\"ca_ES\" \/>\n<meta property=\"og:type\" content=\"article\" \/>\n<meta property=\"og:title\" content=\"Espadas S8108 - AMONT, venta de r\u00e9plicas de armas antiguas.\" \/>\n<meta property=\"og:description\" content=\"Espadas del Caos S8108 de God of War r\u00e9plica no oficial. Tienen un tama\u00f1o de 54 cm hoja con hoja de acero decorada de 32 cm, mango acabado en bronce antiguo. Con soporte para colgar. Ref. S8108 Modelo: S8108 Tama\u00f1o total:\u00a054 cm Tama\u00f1o de hoja:\u00a032 cm Grosor de hoja:\u00a04 mm Mango:\u00a0Met\u00e1lico Peso:\u00a01301 gr cada pieza [...]\" \/>\n<meta property=\"og:url\" content=\"https:\/\/amont.org\/ca\/producto\/espadas-s8108\/\" \/>\n<meta property=\"og:site_name\" content=\"AMONT, venta de r\u00e9plicas de armas antiguas.\" \/>\n<meta property=\"article:modified_time\" content=\"2026-05-08T22:01:09+00:00\" \/>\n<meta property=\"og:image\" content=\"https:\/\/amont.org\/wp-content\/uploads\/2026\/02\/S8108.jpg\" \/>\n\t<meta property=\"og:image:width\" content=\"1500\" \/>\n\t<meta property=\"og:image:height\" content=\"2121\" \/>\n\t<meta property=\"og:image:type\" content=\"image\/jpeg\" \/>\n<meta name=\"twitter:card\" content=\"summary_large_image\" \/>\n<script type=\"application\/ld+json\" class=\"yoast-schema-graph\">{\"@context\":\"https:\\\/\\\/schema.org\",\"@graph\":[{\"@type\":\"WebPage\",\"@id\":\"https:\\\/\\\/amont.org\\\/ca\\\/producto\\\/espadas-s8108\\\/\",\"url\":\"https:\\\/\\\/amont.org\\\/ca\\\/producto\\\/espadas-s8108\\\/\",\"name\":\"Espadas S8108 - AMONT, venta de r\u00e9plicas de armas antiguas.\",\"isPartOf\":{\"@id\":\"http:\\\/\\\/amont.org\\\/ca\\\/#website\"},\"primaryImageOfPage\":{\"@id\":\"https:\\\/\\\/amont.org\\\/ca\\\/producto\\\/espadas-s8108\\\/#primaryimage\"},\"image\":{\"@id\":\"https:\\\/\\\/amont.org\\\/ca\\\/producto\\\/espadas-s8108\\\/#primaryimage\"},\"thumbnailUrl\":\"https:\\\/\\\/amont.org\\\/wp-content\\\/uploads\\\/2026\\\/02\\\/S8108.jpg\",\"datePublished\":\"2026-02-14T13:56:46+00:00\",\"dateModified\":\"2026-05-08T22:01:09+00:00\",\"breadcrumb\":{\"@id\":\"https:\\\/\\\/amont.org\\\/ca\\\/producto\\\/espadas-s8108\\\/#breadcrumb\"},\"inLanguage\":\"ca\",\"potentialAction\":[{\"@type\":\"ReadAction\",\"target\":[\"https:\\\/\\\/amont.org\\\/ca\\\/producto\\\/espadas-s8108\\\/\"]}]},{\"@type\":\"ImageObject\",\"inLanguage\":\"ca\",\"@id\":\"https:\\\/\\\/amont.org\\\/ca\\\/producto\\\/espadas-s8108\\\/#primaryimage\",\"url\":\"https:\\\/\\\/amont.org\\\/wp-content\\\/uploads\\\/2026\\\/02\\\/S8108.jpg\",\"contentUrl\":\"https:\\\/\\\/amont.org\\\/wp-content\\\/uploads\\\/2026\\\/02\\\/S8108.jpg\",\"width\":1500,\"height\":2121},{\"@type\":\"BreadcrumbList\",\"@id\":\"https:\\\/\\\/amont.org\\\/ca\\\/producto\\\/espadas-s8108\\\/#breadcrumb\",\"itemListElement\":[{\"@type\":\"ListItem\",\"position\":1,\"name\":\"Portada\",\"item\":\"http:\\\/\\\/amont.org\\\/ca\\\/\"},{\"@type\":\"ListItem\",\"position\":2,\"name\":\"Productes\",\"item\":\"http:\\\/\\\/amont.org\\\/ca\\\/productes\\\/\"},{\"@type\":\"ListItem\",\"position\":3,\"name\":\"Espadas S8108\"}]},{\"@type\":\"WebSite\",\"@id\":\"http:\\\/\\\/amont.org\\\/ca\\\/#website\",\"url\":\"http:\\\/\\\/amont.org\\\/ca\\\/\",\"name\":\"AMONT, venta de r\u00e9plicas de armas antiguas.\",\"description\":\"Empresa situada en Girona, Catalu\u00f1a, venta de armas de colecci\u00f3n, replicas de gran calidad, r\u00e9plicas hist\u00f3ricas.\",\"publisher\":{\"@id\":\"http:\\\/\\\/amont.org\\\/ca\\\/#organization\"},\"potentialAction\":[{\"@type\":\"SearchAction\",\"target\":{\"@type\":\"EntryPoint\",\"urlTemplate\":\"http:\\\/\\\/amont.org\\\/ca\\\/?s={search_term_string}\"},\"query-input\":{\"@type\":\"PropertyValueSpecification\",\"valueRequired\":true,\"valueName\":\"search_term_string\"}}],\"inLanguage\":\"ca\"},{\"@type\":\"Organization\",\"@id\":\"http:\\\/\\\/amont.org\\\/ca\\\/#organization\",\"name\":\"AMONT\",\"url\":\"http:\\\/\\\/amont.org\\\/ca\\\/\",\"logo\":{\"@type\":\"ImageObject\",\"inLanguage\":\"ca\",\"@id\":\"http:\\\/\\\/amont.org\\\/ca\\\/#\\\/schema\\\/logo\\\/image\\\/\",\"url\":\"http:\\\/\\\/amont.org\\\/wp-content\\\/uploads\\\/2021\\\/09\\\/logo.png\",\"contentUrl\":\"http:\\\/\\\/amont.org\\\/wp-content\\\/uploads\\\/2021\\\/09\\\/logo.png\",\"width\":185,\"height\":185,\"caption\":\"AMONT\"},\"image\":{\"@id\":\"http:\\\/\\\/amont.org\\\/ca\\\/#\\\/schema\\\/logo\\\/image\\\/\"}}]}<\/script>\n<!-- \/ Yoast SEO plugin. -->","yoast_head_json":{"title":"Espadas S8108 - AMONT, venta de r\u00e9plicas de armas antiguas.","robots":{"index":"index","follow":"follow","max-snippet":"max-snippet:-1","max-image-preview":"max-image-preview:large","max-video-preview":"max-video-preview:-1"},"canonical":"https:\/\/amont.org\/ca\/producto\/espadas-s8108\/","og_locale":"ca_ES","og_type":"article","og_title":"Espadas S8108 - AMONT, venta de r\u00e9plicas de armas antiguas.","og_description":"Espadas del Caos S8108 de God of War r\u00e9plica no oficial. Tienen un tama\u00f1o de 54 cm hoja con hoja de acero decorada de 32 cm, mango acabado en bronce antiguo. Con soporte para colgar. Ref. S8108 Modelo: S8108 Tama\u00f1o total:\u00a054 cm Tama\u00f1o de hoja:\u00a032 cm Grosor de hoja:\u00a04 mm Mango:\u00a0Met\u00e1lico Peso:\u00a01301 gr cada pieza [...]","og_url":"https:\/\/amont.org\/ca\/producto\/espadas-s8108\/","og_site_name":"AMONT, venta de r\u00e9plicas de armas antiguas.","article_modified_time":"2026-05-08T22:01:09+00:00","og_image":[{"width":1500,"height":2121,"url":"https:\/\/amont.org\/wp-content\/uploads\/2026\/02\/S8108.jpg","type":"image\/jpeg"}],"twitter_card":"summary_large_image","schema":{"@context":"https:\/\/schema.org","@graph":[{"@type":"WebPage","@id":"https:\/\/amont.org\/ca\/producto\/espadas-s8108\/","url":"https:\/\/amont.org\/ca\/producto\/espadas-s8108\/","name":"Espadas S8108 - AMONT, venta de r\u00e9plicas de armas antiguas.","isPartOf":{"@id":"http:\/\/amont.org\/ca\/#website"},"primaryImageOfPage":{"@id":"https:\/\/amont.org\/ca\/producto\/espadas-s8108\/#primaryimage"},"image":{"@id":"https:\/\/amont.org\/ca\/producto\/espadas-s8108\/#primaryimage"},"thumbnailUrl":"https:\/\/amont.org\/wp-content\/uploads\/2026\/02\/S8108.jpg","datePublished":"2026-02-14T13:56:46+00:00","dateModified":"2026-05-08T22:01:09+00:00","breadcrumb":{"@id":"https:\/\/amont.org\/ca\/producto\/espadas-s8108\/#breadcrumb"},"inLanguage":"ca","potentialAction":[{"@type":"ReadAction","target":["https:\/\/amont.org\/ca\/producto\/espadas-s8108\/"]}]},{"@type":"ImageObject","inLanguage":"ca","@id":"https:\/\/amont.org\/ca\/producto\/espadas-s8108\/#primaryimage","url":"https:\/\/amont.org\/wp-content\/uploads\/2026\/02\/S8108.jpg","contentUrl":"https:\/\/amont.org\/wp-content\/uploads\/2026\/02\/S8108.jpg","width":1500,"height":2121},{"@type":"BreadcrumbList","@id":"https:\/\/amont.org\/ca\/producto\/espadas-s8108\/#breadcrumb","itemListElement":[{"@type":"ListItem","position":1,"name":"Portada","item":"http:\/\/amont.org\/ca\/"},{"@type":"ListItem","position":2,"name":"Productes","item":"http:\/\/amont.org\/ca\/productes\/"},{"@type":"ListItem","position":3,"name":"Espadas S8108"}]},{"@type":"WebSite","@id":"http:\/\/amont.org\/ca\/#website","url":"http:\/\/amont.org\/ca\/","name":"AMONT, venta de r\u00e9plicas de armas antiguas.","description":"Empresa situada en Girona, Catalu\u00f1a, venta de armas de colecci\u00f3n, replicas de gran calidad, r\u00e9plicas hist\u00f3ricas.","publisher":{"@id":"http:\/\/amont.org\/ca\/#organization"},"potentialAction":[{"@type":"SearchAction","target":{"@type":"EntryPoint","urlTemplate":"http:\/\/amont.org\/ca\/?s={search_term_string}"},"query-input":{"@type":"PropertyValueSpecification","valueRequired":true,"valueName":"search_term_string"}}],"inLanguage":"ca"},{"@type":"Organization","@id":"http:\/\/amont.org\/ca\/#organization","name":"AMONT","url":"http:\/\/amont.org\/ca\/","logo":{"@type":"ImageObject","inLanguage":"ca","@id":"http:\/\/amont.org\/ca\/#\/schema\/logo\/image\/","url":"http:\/\/amont.org\/wp-content\/uploads\/2021\/09\/logo.png","contentUrl":"http:\/\/amont.org\/wp-content\/uploads\/2021\/09\/logo.png","width":185,"height":185,"caption":"AMONT"},"image":{"@id":"http:\/\/amont.org\/ca\/#\/schema\/logo\/image\/"}}]}},"_links":{"self":[{"href":"https:\/\/amont.org\/ca\/wp-json\/wp\/v2\/product\/56571","targetHints":{"allow":["GET"]}}],"collection":[{"href":"https:\/\/amont.org\/ca\/wp-json\/wp\/v2\/product"}],"about":[{"href":"https:\/\/amont.org\/ca\/wp-json\/wp\/v2\/types\/product"}],"wp:featuredmedia":[{"embeddable":true,"href":"https:\/\/amont.org\/ca\/wp-json\/wp\/v2\/media\/56582"}],"wp:attachment":[{"href":"https:\/\/amont.org\/ca\/wp-json\/wp\/v2\/media?parent=56571"}],"wp:term":[{"taxonomy":"product_brand","embeddable":true,"href":"https:\/\/amont.org\/ca\/wp-json\/wp\/v2\/product_brand?post=56571"},{"taxonomy":"product_cat","embeddable":true,"href":"https:\/\/amont.org\/ca\/wp-json\/wp\/v2\/product_cat?post=56571"},{"taxonomy":"product_tag","embeddable":true,"href":"https:\/\/amont.org\/ca\/wp-json\/wp\/v2\/product_tag?post=56571"}],"curies":[{"name":"wp","href":"https:\/\/api.w.org\/{rel}","templated":true}]}}