{"id":55871,"date":"2026-01-09T08:34:49","date_gmt":"2026-01-09T08:34:49","guid":{"rendered":"https:\/\/amont.org\/?post_type=product&#038;p=55871"},"modified":"2026-05-09T22:01:13","modified_gmt":"2026-05-09T22:01:13","slug":"espada-s8105","status":"publish","type":"product","link":"https:\/\/amont.org\/ca\/producto\/espada-s8105\/","title":{"rendered":"Espada S8105"},"content":{"rendered":"<p>Espada S8105 de Rumy de las Huntrix, r\u00e9plica no oficial, hoja de acero con impresio\u00f3n 3D con unas dimensiones de 105 cm, no afilado. Mango y fuarda de color marr\u00f3n, con decorativo dorado y hilo trenzado. <strong>Ref.<\/strong> S8105<\/p>\n<p><strong>Modelo:<\/strong> S8105<br \/>\n<strong>Hoja:<\/strong>\u00a0Acero inox<br \/>\n<strong>Tama\u00f1o Total:<\/strong> 105 cm<br \/>\n<strong>Grosor de Hoja:<\/strong> 2,7 mm<br \/>\n<strong>Tama\u00f1o de hoja:<\/strong> 73,5 cm<br \/>\n<strong>Peso:<\/strong> 1850 gr<\/p>\n","protected":false},"excerpt":{"rendered":"<p>Espada S8105 de Rumy de las Huntrix, r\u00e9plica no oficial, hoja de acero con impresio\u00f3n 3D con unas dimensiones de 105 cm, no afilado. Mango y fuarda de color marr\u00f3n, con decorativo dorado y hilo trenzado. Ref. S8105 Modelo: S8105 Hoja:\u00a0Acero inox Tama\u00f1o Total: 105 cm Grosor de Hoja: 2,7 mm Tama\u00f1o de hoja: 73,5 [&#8230;]\n","protected":false},"featured_media":56101,"template":"","meta":{"_monsterinsights_skip_tracking":false,"_monsterinsights_sitenote_active":false,"_monsterinsights_sitenote_note":"","_monsterinsights_sitenote_category":0},"product_brand":[69],"product_cat":[1500,1484,1504,79],"product_tag":[],"class_list":{"0":"post-55871","1":"product","2":"type-product","3":"status-publish","4":"has-post-thumbnail","6":"product_brand-amont","7":"product_cat-ultimas-novedades-cat","8":"product_cat-espadas-y-sables","9":"product_cat-ultimas-novedades-esp","10":"product_cat-espadas","12":"first","13":"instock","14":"shipping-taxable","15":"purchasable","16":"product-type-simple"},"yoast_head":"<!-- This site is optimized with the Yoast SEO plugin v27.5 - https:\/\/yoast.com\/product\/yoast-seo-wordpress\/ -->\n<title>Espada S8105 - AMONT, venta de r\u00e9plicas de armas antiguas.<\/title>\n<meta name=\"robots\" content=\"index, follow, max-snippet:-1, max-image-preview:large, max-video-preview:-1\" \/>\n<link rel=\"canonical\" href=\"https:\/\/amont.org\/ca\/producto\/espada-s8105\/\" \/>\n<meta property=\"og:locale\" content=\"ca_ES\" \/>\n<meta property=\"og:type\" content=\"article\" \/>\n<meta property=\"og:title\" content=\"Espada S8105 - AMONT, venta de r\u00e9plicas de armas antiguas.\" \/>\n<meta property=\"og:description\" content=\"Espada S8105 de Rumy de las Huntrix, r\u00e9plica no oficial, hoja de acero con impresio\u00f3n 3D con unas dimensiones de 105 cm, no afilado. Mango y fuarda de color marr\u00f3n, con decorativo dorado y hilo trenzado. Ref. S8105 Modelo: S8105 Hoja:\u00a0Acero inox Tama\u00f1o Total: 105 cm Grosor de Hoja: 2,7 mm Tama\u00f1o de hoja: 73,5 [...]\" \/>\n<meta property=\"og:url\" content=\"https:\/\/amont.org\/ca\/producto\/espada-s8105\/\" \/>\n<meta property=\"og:site_name\" content=\"AMONT, venta de r\u00e9plicas de armas antiguas.\" \/>\n<meta property=\"article:modified_time\" content=\"2026-05-09T22:01:13+00:00\" \/>\n<meta property=\"og:image\" content=\"https:\/\/amont.org\/wp-content\/uploads\/2026\/01\/S8105-ABIERTA.jpg\" \/>\n\t<meta property=\"og:image:width\" content=\"1500\" \/>\n\t<meta property=\"og:image:height\" content=\"2121\" \/>\n\t<meta property=\"og:image:type\" content=\"image\/jpeg\" \/>\n<meta name=\"twitter:card\" content=\"summary_large_image\" \/>\n<script type=\"application\/ld+json\" class=\"yoast-schema-graph\">{\"@context\":\"https:\\\/\\\/schema.org\",\"@graph\":[{\"@type\":\"WebPage\",\"@id\":\"https:\\\/\\\/amont.org\\\/ca\\\/producto\\\/espada-s8105\\\/\",\"url\":\"https:\\\/\\\/amont.org\\\/ca\\\/producto\\\/espada-s8105\\\/\",\"name\":\"Espada S8105 - AMONT, venta de r\u00e9plicas de armas antiguas.\",\"isPartOf\":{\"@id\":\"http:\\\/\\\/amont.org\\\/ca\\\/#website\"},\"primaryImageOfPage\":{\"@id\":\"https:\\\/\\\/amont.org\\\/ca\\\/producto\\\/espada-s8105\\\/#primaryimage\"},\"image\":{\"@id\":\"https:\\\/\\\/amont.org\\\/ca\\\/producto\\\/espada-s8105\\\/#primaryimage\"},\"thumbnailUrl\":\"https:\\\/\\\/amont.org\\\/wp-content\\\/uploads\\\/2026\\\/01\\\/S8105-ABIERTA.jpg\",\"datePublished\":\"2026-01-09T08:34:49+00:00\",\"dateModified\":\"2026-05-09T22:01:13+00:00\",\"breadcrumb\":{\"@id\":\"https:\\\/\\\/amont.org\\\/ca\\\/producto\\\/espada-s8105\\\/#breadcrumb\"},\"inLanguage\":\"ca\",\"potentialAction\":[{\"@type\":\"ReadAction\",\"target\":[\"https:\\\/\\\/amont.org\\\/ca\\\/producto\\\/espada-s8105\\\/\"]}]},{\"@type\":\"ImageObject\",\"inLanguage\":\"ca\",\"@id\":\"https:\\\/\\\/amont.org\\\/ca\\\/producto\\\/espada-s8105\\\/#primaryimage\",\"url\":\"https:\\\/\\\/amont.org\\\/wp-content\\\/uploads\\\/2026\\\/01\\\/S8105-ABIERTA.jpg\",\"contentUrl\":\"https:\\\/\\\/amont.org\\\/wp-content\\\/uploads\\\/2026\\\/01\\\/S8105-ABIERTA.jpg\",\"width\":1500,\"height\":2121},{\"@type\":\"BreadcrumbList\",\"@id\":\"https:\\\/\\\/amont.org\\\/ca\\\/producto\\\/espada-s8105\\\/#breadcrumb\",\"itemListElement\":[{\"@type\":\"ListItem\",\"position\":1,\"name\":\"Portada\",\"item\":\"http:\\\/\\\/amont.org\\\/ca\\\/\"},{\"@type\":\"ListItem\",\"position\":2,\"name\":\"Productes\",\"item\":\"http:\\\/\\\/amont.org\\\/ca\\\/productes\\\/\"},{\"@type\":\"ListItem\",\"position\":3,\"name\":\"Espada S8105\"}]},{\"@type\":\"WebSite\",\"@id\":\"http:\\\/\\\/amont.org\\\/ca\\\/#website\",\"url\":\"http:\\\/\\\/amont.org\\\/ca\\\/\",\"name\":\"AMONT, venta de r\u00e9plicas de armas antiguas.\",\"description\":\"Empresa situada en Girona, Catalu\u00f1a, venta de armas de colecci\u00f3n, replicas de gran calidad, r\u00e9plicas hist\u00f3ricas.\",\"publisher\":{\"@id\":\"http:\\\/\\\/amont.org\\\/ca\\\/#organization\"},\"potentialAction\":[{\"@type\":\"SearchAction\",\"target\":{\"@type\":\"EntryPoint\",\"urlTemplate\":\"http:\\\/\\\/amont.org\\\/ca\\\/?s={search_term_string}\"},\"query-input\":{\"@type\":\"PropertyValueSpecification\",\"valueRequired\":true,\"valueName\":\"search_term_string\"}}],\"inLanguage\":\"ca\"},{\"@type\":\"Organization\",\"@id\":\"http:\\\/\\\/amont.org\\\/ca\\\/#organization\",\"name\":\"AMONT\",\"url\":\"http:\\\/\\\/amont.org\\\/ca\\\/\",\"logo\":{\"@type\":\"ImageObject\",\"inLanguage\":\"ca\",\"@id\":\"http:\\\/\\\/amont.org\\\/ca\\\/#\\\/schema\\\/logo\\\/image\\\/\",\"url\":\"http:\\\/\\\/amont.org\\\/wp-content\\\/uploads\\\/2021\\\/09\\\/logo.png\",\"contentUrl\":\"http:\\\/\\\/amont.org\\\/wp-content\\\/uploads\\\/2021\\\/09\\\/logo.png\",\"width\":185,\"height\":185,\"caption\":\"AMONT\"},\"image\":{\"@id\":\"http:\\\/\\\/amont.org\\\/ca\\\/#\\\/schema\\\/logo\\\/image\\\/\"}}]}<\/script>\n<!-- \/ Yoast SEO plugin. -->","yoast_head_json":{"title":"Espada S8105 - AMONT, venta de r\u00e9plicas de armas antiguas.","robots":{"index":"index","follow":"follow","max-snippet":"max-snippet:-1","max-image-preview":"max-image-preview:large","max-video-preview":"max-video-preview:-1"},"canonical":"https:\/\/amont.org\/ca\/producto\/espada-s8105\/","og_locale":"ca_ES","og_type":"article","og_title":"Espada S8105 - AMONT, venta de r\u00e9plicas de armas antiguas.","og_description":"Espada S8105 de Rumy de las Huntrix, r\u00e9plica no oficial, hoja de acero con impresio\u00f3n 3D con unas dimensiones de 105 cm, no afilado. Mango y fuarda de color marr\u00f3n, con decorativo dorado y hilo trenzado. Ref. S8105 Modelo: S8105 Hoja:\u00a0Acero inox Tama\u00f1o Total: 105 cm Grosor de Hoja: 2,7 mm Tama\u00f1o de hoja: 73,5 [...]","og_url":"https:\/\/amont.org\/ca\/producto\/espada-s8105\/","og_site_name":"AMONT, venta de r\u00e9plicas de armas antiguas.","article_modified_time":"2026-05-09T22:01:13+00:00","og_image":[{"width":1500,"height":2121,"url":"https:\/\/amont.org\/wp-content\/uploads\/2026\/01\/S8105-ABIERTA.jpg","type":"image\/jpeg"}],"twitter_card":"summary_large_image","schema":{"@context":"https:\/\/schema.org","@graph":[{"@type":"WebPage","@id":"https:\/\/amont.org\/ca\/producto\/espada-s8105\/","url":"https:\/\/amont.org\/ca\/producto\/espada-s8105\/","name":"Espada S8105 - AMONT, venta de r\u00e9plicas de armas antiguas.","isPartOf":{"@id":"http:\/\/amont.org\/ca\/#website"},"primaryImageOfPage":{"@id":"https:\/\/amont.org\/ca\/producto\/espada-s8105\/#primaryimage"},"image":{"@id":"https:\/\/amont.org\/ca\/producto\/espada-s8105\/#primaryimage"},"thumbnailUrl":"https:\/\/amont.org\/wp-content\/uploads\/2026\/01\/S8105-ABIERTA.jpg","datePublished":"2026-01-09T08:34:49+00:00","dateModified":"2026-05-09T22:01:13+00:00","breadcrumb":{"@id":"https:\/\/amont.org\/ca\/producto\/espada-s8105\/#breadcrumb"},"inLanguage":"ca","potentialAction":[{"@type":"ReadAction","target":["https:\/\/amont.org\/ca\/producto\/espada-s8105\/"]}]},{"@type":"ImageObject","inLanguage":"ca","@id":"https:\/\/amont.org\/ca\/producto\/espada-s8105\/#primaryimage","url":"https:\/\/amont.org\/wp-content\/uploads\/2026\/01\/S8105-ABIERTA.jpg","contentUrl":"https:\/\/amont.org\/wp-content\/uploads\/2026\/01\/S8105-ABIERTA.jpg","width":1500,"height":2121},{"@type":"BreadcrumbList","@id":"https:\/\/amont.org\/ca\/producto\/espada-s8105\/#breadcrumb","itemListElement":[{"@type":"ListItem","position":1,"name":"Portada","item":"http:\/\/amont.org\/ca\/"},{"@type":"ListItem","position":2,"name":"Productes","item":"http:\/\/amont.org\/ca\/productes\/"},{"@type":"ListItem","position":3,"name":"Espada S8105"}]},{"@type":"WebSite","@id":"http:\/\/amont.org\/ca\/#website","url":"http:\/\/amont.org\/ca\/","name":"AMONT, venta de r\u00e9plicas de armas antiguas.","description":"Empresa situada en Girona, Catalu\u00f1a, venta de armas de colecci\u00f3n, replicas de gran calidad, r\u00e9plicas hist\u00f3ricas.","publisher":{"@id":"http:\/\/amont.org\/ca\/#organization"},"potentialAction":[{"@type":"SearchAction","target":{"@type":"EntryPoint","urlTemplate":"http:\/\/amont.org\/ca\/?s={search_term_string}"},"query-input":{"@type":"PropertyValueSpecification","valueRequired":true,"valueName":"search_term_string"}}],"inLanguage":"ca"},{"@type":"Organization","@id":"http:\/\/amont.org\/ca\/#organization","name":"AMONT","url":"http:\/\/amont.org\/ca\/","logo":{"@type":"ImageObject","inLanguage":"ca","@id":"http:\/\/amont.org\/ca\/#\/schema\/logo\/image\/","url":"http:\/\/amont.org\/wp-content\/uploads\/2021\/09\/logo.png","contentUrl":"http:\/\/amont.org\/wp-content\/uploads\/2021\/09\/logo.png","width":185,"height":185,"caption":"AMONT"},"image":{"@id":"http:\/\/amont.org\/ca\/#\/schema\/logo\/image\/"}}]}},"_links":{"self":[{"href":"https:\/\/amont.org\/ca\/wp-json\/wp\/v2\/product\/55871","targetHints":{"allow":["GET"]}}],"collection":[{"href":"https:\/\/amont.org\/ca\/wp-json\/wp\/v2\/product"}],"about":[{"href":"https:\/\/amont.org\/ca\/wp-json\/wp\/v2\/types\/product"}],"wp:featuredmedia":[{"embeddable":true,"href":"https:\/\/amont.org\/ca\/wp-json\/wp\/v2\/media\/56101"}],"wp:attachment":[{"href":"https:\/\/amont.org\/ca\/wp-json\/wp\/v2\/media?parent=55871"}],"wp:term":[{"taxonomy":"product_brand","embeddable":true,"href":"https:\/\/amont.org\/ca\/wp-json\/wp\/v2\/product_brand?post=55871"},{"taxonomy":"product_cat","embeddable":true,"href":"https:\/\/amont.org\/ca\/wp-json\/wp\/v2\/product_cat?post=55871"},{"taxonomy":"product_tag","embeddable":true,"href":"https:\/\/amont.org\/ca\/wp-json\/wp\/v2\/product_tag?post=55871"}],"curies":[{"name":"wp","href":"https:\/\/api.w.org\/{rel}","templated":true}]}}