{"id":55763,"date":"2026-01-09T08:32:26","date_gmt":"2026-01-09T08:32:26","guid":{"rendered":"https:\/\/amont.org\/?post_type=product&#038;p=55763"},"modified":"2026-05-07T22:00:54","modified_gmt":"2026-05-07T22:00:54","slug":"daga-s5109","status":"publish","type":"product","link":"https:\/\/amont.org\/ca\/producto\/daga-s5109\/","title":{"rendered":"Daga S5109"},"content":{"rendered":"<p>Daga S5109, r\u00e9plicas en miniatura de espadas de The Witcher, el pomo contiene dos leones en color n\u00edquel igual que la guarda con la\u00a0 empu\u00f1adura en color negro con acabados en n\u00edquel.\u00a0 El tama\u00f1o total es de 42,5 cm de hoja en acero. La vaina es de color negro con acabados en n\u00edquel, con soporte. <strong>Ref.<\/strong> S5109<\/p>\n<p><strong>Modelo:<\/strong> S5109<br \/>\n<strong>Tama\u00f1o Total:<\/strong> 42,5 cm<br \/>\n<strong>Tama\u00f1o de hoja:<\/strong> 27,5 cm<br \/>\n<strong>Grosor de hoja:<\/strong> 2 mm<br \/>\n<strong>Soporte:<\/strong> Con Soporte<br \/>\n<strong>Peso:<\/strong> 250 gr<\/p>\n","protected":false},"excerpt":{"rendered":"<p>Daga S5109, r\u00e9plicas en miniatura de espadas de The Witcher, el pomo contiene dos leones en color n\u00edquel igual que la guarda con la\u00a0 empu\u00f1adura en color negro con acabados en n\u00edquel.\u00a0 El tama\u00f1o total es de 42,5 cm de hoja en acero. La vaina es de color negro con acabados en n\u00edquel, con soporte. [&#8230;]\n","protected":false},"featured_media":55780,"template":"","meta":{"_monsterinsights_skip_tracking":false,"_monsterinsights_sitenote_active":false,"_monsterinsights_sitenote_note":"","_monsterinsights_sitenote_category":0},"product_brand":[69],"product_cat":[150,169,648,85,1508,1580],"product_tag":[],"class_list":{"0":"post-55763","1":"product","2":"type-product","3":"status-publish","4":"has-post-thumbnail","6":"product_brand-amont","7":"product_cat-anexo","8":"product_cat-the-witcher","9":"product_cat-catanas-miniatura","10":"product_cat-dagas","11":"product_cat-ultimas-novedades-dag","12":"product_cat-dagas-anime","14":"first","15":"instock","16":"shipping-taxable","17":"purchasable","18":"product-type-simple"},"yoast_head":"<!-- This site is optimized with the Yoast SEO plugin v27.5 - https:\/\/yoast.com\/product\/yoast-seo-wordpress\/ -->\n<title>Daga S5109 - AMONT, venta de r\u00e9plicas de armas antiguas.<\/title>\n<meta name=\"robots\" content=\"index, follow, max-snippet:-1, max-image-preview:large, max-video-preview:-1\" \/>\n<link rel=\"canonical\" href=\"https:\/\/amont.org\/ca\/producto\/daga-s5109\/\" \/>\n<meta property=\"og:locale\" content=\"ca_ES\" \/>\n<meta property=\"og:type\" content=\"article\" \/>\n<meta property=\"og:title\" content=\"Daga S5109 - AMONT, venta de r\u00e9plicas de armas antiguas.\" \/>\n<meta property=\"og:description\" content=\"Daga S5109, r\u00e9plicas en miniatura de espadas de The Witcher, el pomo contiene dos leones en color n\u00edquel igual que la guarda con la\u00a0 empu\u00f1adura en color negro con acabados en n\u00edquel.\u00a0 El tama\u00f1o total es de 42,5 cm de hoja en acero. La vaina es de color negro con acabados en n\u00edquel, con soporte. [...]\" \/>\n<meta property=\"og:url\" content=\"https:\/\/amont.org\/ca\/producto\/daga-s5109\/\" \/>\n<meta property=\"og:site_name\" content=\"AMONT, venta de r\u00e9plicas de armas antiguas.\" \/>\n<meta property=\"article:modified_time\" content=\"2026-05-07T22:00:54+00:00\" \/>\n<meta property=\"og:image\" content=\"https:\/\/amont.org\/wp-content\/uploads\/2026\/01\/S5109-ABIERTA.jpg\" \/>\n\t<meta property=\"og:image:width\" content=\"1500\" \/>\n\t<meta property=\"og:image:height\" content=\"2121\" \/>\n\t<meta property=\"og:image:type\" content=\"image\/jpeg\" \/>\n<meta name=\"twitter:card\" content=\"summary_large_image\" \/>\n<script type=\"application\/ld+json\" class=\"yoast-schema-graph\">{\"@context\":\"https:\\\/\\\/schema.org\",\"@graph\":[{\"@type\":\"WebPage\",\"@id\":\"https:\\\/\\\/amont.org\\\/ca\\\/producto\\\/daga-s5109\\\/\",\"url\":\"https:\\\/\\\/amont.org\\\/ca\\\/producto\\\/daga-s5109\\\/\",\"name\":\"Daga S5109 - AMONT, venta de r\u00e9plicas de armas antiguas.\",\"isPartOf\":{\"@id\":\"http:\\\/\\\/amont.org\\\/ca\\\/#website\"},\"primaryImageOfPage\":{\"@id\":\"https:\\\/\\\/amont.org\\\/ca\\\/producto\\\/daga-s5109\\\/#primaryimage\"},\"image\":{\"@id\":\"https:\\\/\\\/amont.org\\\/ca\\\/producto\\\/daga-s5109\\\/#primaryimage\"},\"thumbnailUrl\":\"https:\\\/\\\/amont.org\\\/wp-content\\\/uploads\\\/2026\\\/01\\\/S5109-ABIERTA.jpg\",\"datePublished\":\"2026-01-09T08:32:26+00:00\",\"dateModified\":\"2026-05-07T22:00:54+00:00\",\"breadcrumb\":{\"@id\":\"https:\\\/\\\/amont.org\\\/ca\\\/producto\\\/daga-s5109\\\/#breadcrumb\"},\"inLanguage\":\"ca\",\"potentialAction\":[{\"@type\":\"ReadAction\",\"target\":[\"https:\\\/\\\/amont.org\\\/ca\\\/producto\\\/daga-s5109\\\/\"]}]},{\"@type\":\"ImageObject\",\"inLanguage\":\"ca\",\"@id\":\"https:\\\/\\\/amont.org\\\/ca\\\/producto\\\/daga-s5109\\\/#primaryimage\",\"url\":\"https:\\\/\\\/amont.org\\\/wp-content\\\/uploads\\\/2026\\\/01\\\/S5109-ABIERTA.jpg\",\"contentUrl\":\"https:\\\/\\\/amont.org\\\/wp-content\\\/uploads\\\/2026\\\/01\\\/S5109-ABIERTA.jpg\",\"width\":1500,\"height\":2121},{\"@type\":\"BreadcrumbList\",\"@id\":\"https:\\\/\\\/amont.org\\\/ca\\\/producto\\\/daga-s5109\\\/#breadcrumb\",\"itemListElement\":[{\"@type\":\"ListItem\",\"position\":1,\"name\":\"Portada\",\"item\":\"http:\\\/\\\/amont.org\\\/ca\\\/\"},{\"@type\":\"ListItem\",\"position\":2,\"name\":\"Productes\",\"item\":\"http:\\\/\\\/amont.org\\\/ca\\\/productes\\\/\"},{\"@type\":\"ListItem\",\"position\":3,\"name\":\"Daga S5109\"}]},{\"@type\":\"WebSite\",\"@id\":\"http:\\\/\\\/amont.org\\\/ca\\\/#website\",\"url\":\"http:\\\/\\\/amont.org\\\/ca\\\/\",\"name\":\"AMONT, venta de r\u00e9plicas de armas antiguas.\",\"description\":\"Empresa situada en Girona, Catalu\u00f1a, venta de armas de colecci\u00f3n, replicas de gran calidad, r\u00e9plicas hist\u00f3ricas.\",\"publisher\":{\"@id\":\"http:\\\/\\\/amont.org\\\/ca\\\/#organization\"},\"potentialAction\":[{\"@type\":\"SearchAction\",\"target\":{\"@type\":\"EntryPoint\",\"urlTemplate\":\"http:\\\/\\\/amont.org\\\/ca\\\/?s={search_term_string}\"},\"query-input\":{\"@type\":\"PropertyValueSpecification\",\"valueRequired\":true,\"valueName\":\"search_term_string\"}}],\"inLanguage\":\"ca\"},{\"@type\":\"Organization\",\"@id\":\"http:\\\/\\\/amont.org\\\/ca\\\/#organization\",\"name\":\"AMONT\",\"url\":\"http:\\\/\\\/amont.org\\\/ca\\\/\",\"logo\":{\"@type\":\"ImageObject\",\"inLanguage\":\"ca\",\"@id\":\"http:\\\/\\\/amont.org\\\/ca\\\/#\\\/schema\\\/logo\\\/image\\\/\",\"url\":\"http:\\\/\\\/amont.org\\\/wp-content\\\/uploads\\\/2021\\\/09\\\/logo.png\",\"contentUrl\":\"http:\\\/\\\/amont.org\\\/wp-content\\\/uploads\\\/2021\\\/09\\\/logo.png\",\"width\":185,\"height\":185,\"caption\":\"AMONT\"},\"image\":{\"@id\":\"http:\\\/\\\/amont.org\\\/ca\\\/#\\\/schema\\\/logo\\\/image\\\/\"}}]}<\/script>\n<!-- \/ Yoast SEO plugin. -->","yoast_head_json":{"title":"Daga S5109 - AMONT, venta de r\u00e9plicas de armas antiguas.","robots":{"index":"index","follow":"follow","max-snippet":"max-snippet:-1","max-image-preview":"max-image-preview:large","max-video-preview":"max-video-preview:-1"},"canonical":"https:\/\/amont.org\/ca\/producto\/daga-s5109\/","og_locale":"ca_ES","og_type":"article","og_title":"Daga S5109 - AMONT, venta de r\u00e9plicas de armas antiguas.","og_description":"Daga S5109, r\u00e9plicas en miniatura de espadas de The Witcher, el pomo contiene dos leones en color n\u00edquel igual que la guarda con la\u00a0 empu\u00f1adura en color negro con acabados en n\u00edquel.\u00a0 El tama\u00f1o total es de 42,5 cm de hoja en acero. La vaina es de color negro con acabados en n\u00edquel, con soporte. [...]","og_url":"https:\/\/amont.org\/ca\/producto\/daga-s5109\/","og_site_name":"AMONT, venta de r\u00e9plicas de armas antiguas.","article_modified_time":"2026-05-07T22:00:54+00:00","og_image":[{"width":1500,"height":2121,"url":"https:\/\/amont.org\/wp-content\/uploads\/2026\/01\/S5109-ABIERTA.jpg","type":"image\/jpeg"}],"twitter_card":"summary_large_image","schema":{"@context":"https:\/\/schema.org","@graph":[{"@type":"WebPage","@id":"https:\/\/amont.org\/ca\/producto\/daga-s5109\/","url":"https:\/\/amont.org\/ca\/producto\/daga-s5109\/","name":"Daga S5109 - AMONT, venta de r\u00e9plicas de armas antiguas.","isPartOf":{"@id":"http:\/\/amont.org\/ca\/#website"},"primaryImageOfPage":{"@id":"https:\/\/amont.org\/ca\/producto\/daga-s5109\/#primaryimage"},"image":{"@id":"https:\/\/amont.org\/ca\/producto\/daga-s5109\/#primaryimage"},"thumbnailUrl":"https:\/\/amont.org\/wp-content\/uploads\/2026\/01\/S5109-ABIERTA.jpg","datePublished":"2026-01-09T08:32:26+00:00","dateModified":"2026-05-07T22:00:54+00:00","breadcrumb":{"@id":"https:\/\/amont.org\/ca\/producto\/daga-s5109\/#breadcrumb"},"inLanguage":"ca","potentialAction":[{"@type":"ReadAction","target":["https:\/\/amont.org\/ca\/producto\/daga-s5109\/"]}]},{"@type":"ImageObject","inLanguage":"ca","@id":"https:\/\/amont.org\/ca\/producto\/daga-s5109\/#primaryimage","url":"https:\/\/amont.org\/wp-content\/uploads\/2026\/01\/S5109-ABIERTA.jpg","contentUrl":"https:\/\/amont.org\/wp-content\/uploads\/2026\/01\/S5109-ABIERTA.jpg","width":1500,"height":2121},{"@type":"BreadcrumbList","@id":"https:\/\/amont.org\/ca\/producto\/daga-s5109\/#breadcrumb","itemListElement":[{"@type":"ListItem","position":1,"name":"Portada","item":"http:\/\/amont.org\/ca\/"},{"@type":"ListItem","position":2,"name":"Productes","item":"http:\/\/amont.org\/ca\/productes\/"},{"@type":"ListItem","position":3,"name":"Daga S5109"}]},{"@type":"WebSite","@id":"http:\/\/amont.org\/ca\/#website","url":"http:\/\/amont.org\/ca\/","name":"AMONT, venta de r\u00e9plicas de armas antiguas.","description":"Empresa situada en Girona, Catalu\u00f1a, venta de armas de colecci\u00f3n, replicas de gran calidad, r\u00e9plicas hist\u00f3ricas.","publisher":{"@id":"http:\/\/amont.org\/ca\/#organization"},"potentialAction":[{"@type":"SearchAction","target":{"@type":"EntryPoint","urlTemplate":"http:\/\/amont.org\/ca\/?s={search_term_string}"},"query-input":{"@type":"PropertyValueSpecification","valueRequired":true,"valueName":"search_term_string"}}],"inLanguage":"ca"},{"@type":"Organization","@id":"http:\/\/amont.org\/ca\/#organization","name":"AMONT","url":"http:\/\/amont.org\/ca\/","logo":{"@type":"ImageObject","inLanguage":"ca","@id":"http:\/\/amont.org\/ca\/#\/schema\/logo\/image\/","url":"http:\/\/amont.org\/wp-content\/uploads\/2021\/09\/logo.png","contentUrl":"http:\/\/amont.org\/wp-content\/uploads\/2021\/09\/logo.png","width":185,"height":185,"caption":"AMONT"},"image":{"@id":"http:\/\/amont.org\/ca\/#\/schema\/logo\/image\/"}}]}},"_links":{"self":[{"href":"https:\/\/amont.org\/ca\/wp-json\/wp\/v2\/product\/55763","targetHints":{"allow":["GET"]}}],"collection":[{"href":"https:\/\/amont.org\/ca\/wp-json\/wp\/v2\/product"}],"about":[{"href":"https:\/\/amont.org\/ca\/wp-json\/wp\/v2\/types\/product"}],"wp:featuredmedia":[{"embeddable":true,"href":"https:\/\/amont.org\/ca\/wp-json\/wp\/v2\/media\/55780"}],"wp:attachment":[{"href":"https:\/\/amont.org\/ca\/wp-json\/wp\/v2\/media?parent=55763"}],"wp:term":[{"taxonomy":"product_brand","embeddable":true,"href":"https:\/\/amont.org\/ca\/wp-json\/wp\/v2\/product_brand?post=55763"},{"taxonomy":"product_cat","embeddable":true,"href":"https:\/\/amont.org\/ca\/wp-json\/wp\/v2\/product_cat?post=55763"},{"taxonomy":"product_tag","embeddable":true,"href":"https:\/\/amont.org\/ca\/wp-json\/wp\/v2\/product_tag?post=55763"}],"curies":[{"name":"wp","href":"https:\/\/api.w.org\/{rel}","templated":true}]}}