{"id":53377,"date":"2025-08-28T08:34:20","date_gmt":"2025-08-28T08:34:20","guid":{"rendered":"http:\/\/amont.org\/?post_type=product&#038;p=53377"},"modified":"2026-05-06T22:01:05","modified_gmt":"2026-05-06T22:01:05","slug":"espada-s8101","status":"publish","type":"product","link":"https:\/\/amont.org\/ca\/producto\/espada-s8101\/","title":{"rendered":"Espada S8101"},"content":{"rendered":"<p>Espada Gladius S8101, espada de entrenamiento realizada en poliestireno pensado para la pr\u00e1ctica intensiva, con un tama\u00f1o de 81 cm total y un tama\u00f1o de 59 cm de hoja, terminada en negro. <strong>Ref.<\/strong> S8101<\/p>\n<p><strong>Modelo:<\/strong> S8101<br \/>\n<strong>Tama\u00f1o total:<\/strong> 81 cm<br \/>\n<strong>Tama\u00f1o de hoja:<\/strong> 59 cm<br \/>\n<strong>Grosor de hoja:<\/strong> 11.8 mm<br \/>\n<strong>Mango:<\/strong>\u00a0Encordado<br \/>\n<strong>Peso:<\/strong> 60 gr<br \/>\n<strong>Soporte:<\/strong> Sin Soporte<\/p>\n","protected":false},"excerpt":{"rendered":"<p>Espada Gladius S8101, espada de entrenamiento realizada en poliestireno pensado para la pr\u00e1ctica intensiva, con un tama\u00f1o de 81 cm total y un tama\u00f1o de 59 cm de hoja, terminada en negro. Ref. S8101 Modelo: S8101 Tama\u00f1o total: 81 cm Tama\u00f1o de hoja: 59 cm Grosor de hoja: 11.8 mm Mango:\u00a0Encordado Peso: 60 gr Soporte: [&#8230;]\n","protected":false},"featured_media":53496,"template":"","meta":{"_monsterinsights_skip_tracking":false,"_monsterinsights_sitenote_active":false,"_monsterinsights_sitenote_note":"","_monsterinsights_sitenote_category":0},"product_brand":[],"product_cat":[1582,1484,1504,1581],"product_tag":[],"class_list":{"0":"post-53377","1":"product","2":"type-product","3":"status-publish","4":"has-post-thumbnail","6":"product_cat-catanas-entrenamiento","7":"product_cat-espadas-y-sables","8":"product_cat-ultimas-novedades-esp","9":"product_cat-espadas-entrenamiento","11":"first","12":"instock","13":"shipping-taxable","14":"purchasable","15":"product-type-simple"},"yoast_head":"<!-- This site is optimized with the Yoast SEO plugin v27.5 - https:\/\/yoast.com\/product\/yoast-seo-wordpress\/ -->\n<title>Espada S8101 - AMONT, venta de r\u00e9plicas de armas antiguas.<\/title>\n<meta name=\"robots\" content=\"index, follow, max-snippet:-1, max-image-preview:large, max-video-preview:-1\" \/>\n<link rel=\"canonical\" href=\"https:\/\/amont.org\/ca\/producto\/espada-s8101\/\" \/>\n<meta property=\"og:locale\" content=\"ca_ES\" \/>\n<meta property=\"og:type\" content=\"article\" \/>\n<meta property=\"og:title\" content=\"Espada S8101 - AMONT, venta de r\u00e9plicas de armas antiguas.\" \/>\n<meta property=\"og:description\" content=\"Espada Gladius S8101, espada de entrenamiento realizada en poliestireno pensado para la pr\u00e1ctica intensiva, con un tama\u00f1o de 81 cm total y un tama\u00f1o de 59 cm de hoja, terminada en negro. Ref. S8101 Modelo: S8101 Tama\u00f1o total: 81 cm Tama\u00f1o de hoja: 59 cm Grosor de hoja: 11.8 mm Mango:\u00a0Encordado Peso: 60 gr Soporte: [...]\" \/>\n<meta property=\"og:url\" content=\"https:\/\/amont.org\/ca\/producto\/espada-s8101\/\" \/>\n<meta property=\"og:site_name\" content=\"AMONT, venta de r\u00e9plicas de armas antiguas.\" \/>\n<meta property=\"article:modified_time\" content=\"2026-05-06T22:01:05+00:00\" \/>\n<meta property=\"og:image\" content=\"http:\/\/amont.org\/wp-content\/uploads\/2025\/08\/S8101.jpg\" \/>\n\t<meta property=\"og:image:width\" content=\"1500\" \/>\n\t<meta property=\"og:image:height\" content=\"2121\" \/>\n\t<meta property=\"og:image:type\" content=\"image\/jpeg\" \/>\n<meta name=\"twitter:card\" content=\"summary_large_image\" \/>\n<script type=\"application\/ld+json\" class=\"yoast-schema-graph\">{\"@context\":\"https:\\\/\\\/schema.org\",\"@graph\":[{\"@type\":\"WebPage\",\"@id\":\"https:\\\/\\\/amont.org\\\/ca\\\/producto\\\/espada-s8101\\\/\",\"url\":\"https:\\\/\\\/amont.org\\\/ca\\\/producto\\\/espada-s8101\\\/\",\"name\":\"Espada S8101 - AMONT, venta de r\u00e9plicas de armas antiguas.\",\"isPartOf\":{\"@id\":\"http:\\\/\\\/amont.org\\\/ca\\\/#website\"},\"primaryImageOfPage\":{\"@id\":\"https:\\\/\\\/amont.org\\\/ca\\\/producto\\\/espada-s8101\\\/#primaryimage\"},\"image\":{\"@id\":\"https:\\\/\\\/amont.org\\\/ca\\\/producto\\\/espada-s8101\\\/#primaryimage\"},\"thumbnailUrl\":\"https:\\\/\\\/amont.org\\\/wp-content\\\/uploads\\\/2025\\\/08\\\/S8101.jpg\",\"datePublished\":\"2025-08-28T08:34:20+00:00\",\"dateModified\":\"2026-05-06T22:01:05+00:00\",\"breadcrumb\":{\"@id\":\"https:\\\/\\\/amont.org\\\/ca\\\/producto\\\/espada-s8101\\\/#breadcrumb\"},\"inLanguage\":\"ca\",\"potentialAction\":[{\"@type\":\"ReadAction\",\"target\":[\"https:\\\/\\\/amont.org\\\/ca\\\/producto\\\/espada-s8101\\\/\"]}]},{\"@type\":\"ImageObject\",\"inLanguage\":\"ca\",\"@id\":\"https:\\\/\\\/amont.org\\\/ca\\\/producto\\\/espada-s8101\\\/#primaryimage\",\"url\":\"https:\\\/\\\/amont.org\\\/wp-content\\\/uploads\\\/2025\\\/08\\\/S8101.jpg\",\"contentUrl\":\"https:\\\/\\\/amont.org\\\/wp-content\\\/uploads\\\/2025\\\/08\\\/S8101.jpg\",\"width\":1500,\"height\":2121},{\"@type\":\"BreadcrumbList\",\"@id\":\"https:\\\/\\\/amont.org\\\/ca\\\/producto\\\/espada-s8101\\\/#breadcrumb\",\"itemListElement\":[{\"@type\":\"ListItem\",\"position\":1,\"name\":\"Portada\",\"item\":\"http:\\\/\\\/amont.org\\\/ca\\\/\"},{\"@type\":\"ListItem\",\"position\":2,\"name\":\"Productes\",\"item\":\"http:\\\/\\\/amont.org\\\/ca\\\/productes\\\/\"},{\"@type\":\"ListItem\",\"position\":3,\"name\":\"Espada S8101\"}]},{\"@type\":\"WebSite\",\"@id\":\"http:\\\/\\\/amont.org\\\/ca\\\/#website\",\"url\":\"http:\\\/\\\/amont.org\\\/ca\\\/\",\"name\":\"AMONT, venta de r\u00e9plicas de armas antiguas.\",\"description\":\"Empresa situada en Girona, Catalu\u00f1a, venta de armas de colecci\u00f3n, replicas de gran calidad, r\u00e9plicas hist\u00f3ricas.\",\"publisher\":{\"@id\":\"http:\\\/\\\/amont.org\\\/ca\\\/#organization\"},\"potentialAction\":[{\"@type\":\"SearchAction\",\"target\":{\"@type\":\"EntryPoint\",\"urlTemplate\":\"http:\\\/\\\/amont.org\\\/ca\\\/?s={search_term_string}\"},\"query-input\":{\"@type\":\"PropertyValueSpecification\",\"valueRequired\":true,\"valueName\":\"search_term_string\"}}],\"inLanguage\":\"ca\"},{\"@type\":\"Organization\",\"@id\":\"http:\\\/\\\/amont.org\\\/ca\\\/#organization\",\"name\":\"AMONT\",\"url\":\"http:\\\/\\\/amont.org\\\/ca\\\/\",\"logo\":{\"@type\":\"ImageObject\",\"inLanguage\":\"ca\",\"@id\":\"http:\\\/\\\/amont.org\\\/ca\\\/#\\\/schema\\\/logo\\\/image\\\/\",\"url\":\"http:\\\/\\\/amont.org\\\/wp-content\\\/uploads\\\/2021\\\/09\\\/logo.png\",\"contentUrl\":\"http:\\\/\\\/amont.org\\\/wp-content\\\/uploads\\\/2021\\\/09\\\/logo.png\",\"width\":185,\"height\":185,\"caption\":\"AMONT\"},\"image\":{\"@id\":\"http:\\\/\\\/amont.org\\\/ca\\\/#\\\/schema\\\/logo\\\/image\\\/\"}}]}<\/script>\n<!-- \/ Yoast SEO plugin. -->","yoast_head_json":{"title":"Espada S8101 - AMONT, venta de r\u00e9plicas de armas antiguas.","robots":{"index":"index","follow":"follow","max-snippet":"max-snippet:-1","max-image-preview":"max-image-preview:large","max-video-preview":"max-video-preview:-1"},"canonical":"https:\/\/amont.org\/ca\/producto\/espada-s8101\/","og_locale":"ca_ES","og_type":"article","og_title":"Espada S8101 - AMONT, venta de r\u00e9plicas de armas antiguas.","og_description":"Espada Gladius S8101, espada de entrenamiento realizada en poliestireno pensado para la pr\u00e1ctica intensiva, con un tama\u00f1o de 81 cm total y un tama\u00f1o de 59 cm de hoja, terminada en negro. Ref. S8101 Modelo: S8101 Tama\u00f1o total: 81 cm Tama\u00f1o de hoja: 59 cm Grosor de hoja: 11.8 mm Mango:\u00a0Encordado Peso: 60 gr Soporte: [...]","og_url":"https:\/\/amont.org\/ca\/producto\/espada-s8101\/","og_site_name":"AMONT, venta de r\u00e9plicas de armas antiguas.","article_modified_time":"2026-05-06T22:01:05+00:00","og_image":[{"width":1500,"height":2121,"url":"http:\/\/amont.org\/wp-content\/uploads\/2025\/08\/S8101.jpg","type":"image\/jpeg"}],"twitter_card":"summary_large_image","schema":{"@context":"https:\/\/schema.org","@graph":[{"@type":"WebPage","@id":"https:\/\/amont.org\/ca\/producto\/espada-s8101\/","url":"https:\/\/amont.org\/ca\/producto\/espada-s8101\/","name":"Espada S8101 - AMONT, venta de r\u00e9plicas de armas antiguas.","isPartOf":{"@id":"http:\/\/amont.org\/ca\/#website"},"primaryImageOfPage":{"@id":"https:\/\/amont.org\/ca\/producto\/espada-s8101\/#primaryimage"},"image":{"@id":"https:\/\/amont.org\/ca\/producto\/espada-s8101\/#primaryimage"},"thumbnailUrl":"https:\/\/amont.org\/wp-content\/uploads\/2025\/08\/S8101.jpg","datePublished":"2025-08-28T08:34:20+00:00","dateModified":"2026-05-06T22:01:05+00:00","breadcrumb":{"@id":"https:\/\/amont.org\/ca\/producto\/espada-s8101\/#breadcrumb"},"inLanguage":"ca","potentialAction":[{"@type":"ReadAction","target":["https:\/\/amont.org\/ca\/producto\/espada-s8101\/"]}]},{"@type":"ImageObject","inLanguage":"ca","@id":"https:\/\/amont.org\/ca\/producto\/espada-s8101\/#primaryimage","url":"https:\/\/amont.org\/wp-content\/uploads\/2025\/08\/S8101.jpg","contentUrl":"https:\/\/amont.org\/wp-content\/uploads\/2025\/08\/S8101.jpg","width":1500,"height":2121},{"@type":"BreadcrumbList","@id":"https:\/\/amont.org\/ca\/producto\/espada-s8101\/#breadcrumb","itemListElement":[{"@type":"ListItem","position":1,"name":"Portada","item":"http:\/\/amont.org\/ca\/"},{"@type":"ListItem","position":2,"name":"Productes","item":"http:\/\/amont.org\/ca\/productes\/"},{"@type":"ListItem","position":3,"name":"Espada S8101"}]},{"@type":"WebSite","@id":"http:\/\/amont.org\/ca\/#website","url":"http:\/\/amont.org\/ca\/","name":"AMONT, venta de r\u00e9plicas de armas antiguas.","description":"Empresa situada en Girona, Catalu\u00f1a, venta de armas de colecci\u00f3n, replicas de gran calidad, r\u00e9plicas hist\u00f3ricas.","publisher":{"@id":"http:\/\/amont.org\/ca\/#organization"},"potentialAction":[{"@type":"SearchAction","target":{"@type":"EntryPoint","urlTemplate":"http:\/\/amont.org\/ca\/?s={search_term_string}"},"query-input":{"@type":"PropertyValueSpecification","valueRequired":true,"valueName":"search_term_string"}}],"inLanguage":"ca"},{"@type":"Organization","@id":"http:\/\/amont.org\/ca\/#organization","name":"AMONT","url":"http:\/\/amont.org\/ca\/","logo":{"@type":"ImageObject","inLanguage":"ca","@id":"http:\/\/amont.org\/ca\/#\/schema\/logo\/image\/","url":"http:\/\/amont.org\/wp-content\/uploads\/2021\/09\/logo.png","contentUrl":"http:\/\/amont.org\/wp-content\/uploads\/2021\/09\/logo.png","width":185,"height":185,"caption":"AMONT"},"image":{"@id":"http:\/\/amont.org\/ca\/#\/schema\/logo\/image\/"}}]}},"_links":{"self":[{"href":"https:\/\/amont.org\/ca\/wp-json\/wp\/v2\/product\/53377","targetHints":{"allow":["GET"]}}],"collection":[{"href":"https:\/\/amont.org\/ca\/wp-json\/wp\/v2\/product"}],"about":[{"href":"https:\/\/amont.org\/ca\/wp-json\/wp\/v2\/types\/product"}],"wp:featuredmedia":[{"embeddable":true,"href":"https:\/\/amont.org\/ca\/wp-json\/wp\/v2\/media\/53496"}],"wp:attachment":[{"href":"https:\/\/amont.org\/ca\/wp-json\/wp\/v2\/media?parent=53377"}],"wp:term":[{"taxonomy":"product_brand","embeddable":true,"href":"https:\/\/amont.org\/ca\/wp-json\/wp\/v2\/product_brand?post=53377"},{"taxonomy":"product_cat","embeddable":true,"href":"https:\/\/amont.org\/ca\/wp-json\/wp\/v2\/product_cat?post=53377"},{"taxonomy":"product_tag","embeddable":true,"href":"https:\/\/amont.org\/ca\/wp-json\/wp\/v2\/product_tag?post=53377"}],"curies":[{"name":"wp","href":"https:\/\/api.w.org\/{rel}","templated":true}]}}